{"id":9523,"date":"2021-02-13T13:15:28","date_gmt":"2021-02-13T16:15:28","guid":{"rendered":"https:\/\/jardininfantilonline.cl\/?page_id=9523"},"modified":"2025-01-13T21:40:36","modified_gmt":"2025-01-14T01:40:36","slug":"somos","status":"publish","type":"page","link":"https:\/\/jardininfantilonline.cl\/index.php\/somos\/","title":{"rendered":"Somos"},"content":{"rendered":"\t\t<div data-elementor-type=\"wp-page\" data-elementor-id=\"9523\" class=\"elementor elementor-9523\" data-elementor-post-type=\"page\">\n\t\t\t\t\t\t<section class=\"elementor-section elementor-top-section elementor-element elementor-element-4f764a98 elementor-section-boxed elementor-section-height-default elementor-section-height-default\" data-id=\"4f764a98\" data-element_type=\"section\">\n\t\t\t\t\t\t<div class=\"elementor-container elementor-column-gap-default\">\n\t\t\t\t\t<div class=\"elementor-column elementor-col-50 elementor-top-column elementor-element elementor-element-4dd2c2\" data-id=\"4dd2c2\" data-element_type=\"column\">\n\t\t\t<div class=\"elementor-widget-wrap elementor-element-populated\">\n\t\t\t\t\t\t<div class=\"elementor-element elementor-element-53421133 elementor-widget elementor-widget-text-editor\" data-id=\"53421133\" data-element_type=\"widget\" data-widget_type=\"text-editor.default\">\n\t\t\t\t<div class=\"elementor-widget-container\">\n\t\t\t\t\t\t\t<p>Un espacio educativo en constante crecimiento gracias a su sello personalizado que otorga tanto a p\u00e1rvulos como a sus familias, oportunidades para aprender, compartir y crecer juntos a ni\u00f1os en etapa preescolar de forma online y desde cualquier parte del mundo de habla hispana. Lo cual permite crecer en en un espacio diverso, heterog\u00e9neo, pues en el seno de su comunidad conviven diferentes perspectivas culturales, dando cabida a personas de distintos pa\u00edses, con diferentes religiones y or\u00edgenes \u00e9tnicos.<\/p><p><strong>Visi\u00f3n<\/strong><br \/>Nacida de la perspectiva de una sostenedora de Jard\u00edn Infantil afectada por la crisis sanitaria Covid-19, Dennise Acosta, y\u00a0 una dise\u00f1adora gr\u00e1fica quien aporto con toda su visi\u00f3n en experiencia de usuario, Susana Sanhueza, cuyas visiones convergen en una perspectiva hol\u00edstica, que busca potenciar genuinamente las enormes capacidades latentes en cada ni\u00f1o y ni\u00f1a, otorg\u00e1ndoles herramientas 100% originales y pensadas para trabajar en modalidad de clases online,\u00a0 que le permitan desenvolverse adecuadamente en su vida futura en todos los \u00e1mbitos del ser humano: desarrollo cognitivo, socioemocional, corporal y espiritual.<\/p>\t\t\t\t\t\t<\/div>\n\t\t\t\t<\/div>\n\t\t\t\t\t<\/div>\n\t\t<\/div>\n\t\t\t\t<div class=\"elementor-column elementor-col-50 elementor-top-column elementor-element elementor-element-1d046ef\" data-id=\"1d046ef\" data-element_type=\"column\">\n\t\t\t<div class=\"elementor-widget-wrap elementor-element-populated\">\n\t\t\t\t\t\t<div class=\"elementor-element elementor-element-1ed3136 elementor-widget elementor-widget-image\" data-id=\"1ed3136\" data-element_type=\"widget\" data-widget_type=\"image.default\">\n\t\t\t\t<div class=\"elementor-widget-container\">\n\t\t\t\t\t\t\t\t\t\t\t\t\t<img fetchpriority=\"high\" decoding=\"async\" width=\"800\" height=\"705\" src=\"https:\/\/jardininfantilonline.cl\/wp-content\/uploads\/2022\/08\/aprendizaje-1024x902.png\" class=\"attachment-large size-large wp-image-25448\" alt=\"\" srcset=\"https:\/\/jardininfantilonline.cl\/wp-content\/uploads\/2022\/08\/aprendizaje-1024x902.png 1024w, https:\/\/jardininfantilonline.cl\/wp-content\/uploads\/2022\/08\/aprendizaje-600x529.png 600w, https:\/\/jardininfantilonline.cl\/wp-content\/uploads\/2022\/08\/aprendizaje-300x264.png 300w, https:\/\/jardininfantilonline.cl\/wp-content\/uploads\/2022\/08\/aprendizaje-768x677.png 768w, https:\/\/jardininfantilonline.cl\/wp-content\/uploads\/2022\/08\/aprendizaje-1536x1353.png 1536w, https:\/\/jardininfantilonline.cl\/wp-content\/uploads\/2022\/08\/aprendizaje.png 1612w\" sizes=\"(max-width: 800px) 100vw, 800px\" \/>\t\t\t\t\t\t\t\t\t\t\t\t\t<\/div>\n\t\t\t\t<\/div>\n\t\t\t\t\t<\/div>\n\t\t<\/div>\n\t\t\t\t\t<\/div>\n\t\t<\/section>\n\t\t\t\t<\/div>\n\t\t","protected":false},"excerpt":{"rendered":"<p>Un espacio educativo en constante crecimiento gracias a su sello personalizado que otorga tanto a p\u00e1rvulos como a sus familias, oportunidades para aprender, compartir y crecer juntos a ni\u00f1os en etapa preescolar de forma online y desde cualquier parte del mundo de habla hispana. Lo cual permite crecer en en un espacio diverso, heterog\u00e9neo, pues [&hellip;]<\/p>\n","protected":false},"author":1,"featured_media":0,"parent":0,"menu_order":0,"comment_status":"closed","ping_status":"closed","template":"","meta":{"footnotes":""},"class_list":["post-9523","page","type-page","status-publish","hentry"],"_links":{"self":[{"href":"https:\/\/jardininfantilonline.cl\/index.php\/wp-json\/wp\/v2\/pages\/9523","targetHints":{"allow":["GET"]}}],"collection":[{"href":"https:\/\/jardininfantilonline.cl\/index.php\/wp-json\/wp\/v2\/pages"}],"about":[{"href":"https:\/\/jardininfantilonline.cl\/index.php\/wp-json\/wp\/v2\/types\/page"}],"author":[{"embeddable":true,"href":"https:\/\/jardininfantilonline.cl\/index.php\/wp-json\/wp\/v2\/users\/1"}],"replies":[{"embeddable":true,"href":"https:\/\/jardininfantilonline.cl\/index.php\/wp-json\/wp\/v2\/comments?post=9523"}],"version-history":[{"count":9,"href":"https:\/\/jardininfantilonline.cl\/index.php\/wp-json\/wp\/v2\/pages\/9523\/revisions"}],"predecessor-version":[{"id":31789,"href":"https:\/\/jardininfantilonline.cl\/index.php\/wp-json\/wp\/v2\/pages\/9523\/revisions\/31789"}],"wp:attachment":[{"href":"https:\/\/jardininfantilonline.cl\/index.php\/wp-json\/wp\/v2\/media?parent=9523"}],"curies":[{"name":"wp","href":"https:\/\/api.w.org\/{rel}","templated":true}]}}