{"id":9168,"date":"2020-11-24T01:08:23","date_gmt":"2020-11-24T04:08:23","guid":{"rendered":"https:\/\/jardininfantilonline.cl\/?page_id=9168"},"modified":"2024-04-01T20:36:34","modified_gmt":"2024-04-02T00:36:34","slug":"planes","status":"publish","type":"page","link":"https:\/\/jardininfantilonline.cl\/index.php\/planes\/","title":{"rendered":"Somos"},"content":{"rendered":"\t\t<div data-elementor-type=\"wp-page\" data-elementor-id=\"9168\" class=\"elementor elementor-9168\" data-elementor-post-type=\"page\">\n\t\t\t\t\t\t<section class=\"elementor-section elementor-top-section elementor-element elementor-element-859b4d8 elementor-section-full_width elementor-section-stretched elementor-section-height-default elementor-section-height-default\" data-id=\"859b4d8\" data-element_type=\"section\" data-settings=\"{&quot;stretch_section&quot;:&quot;section-stretched&quot;}\">\n\t\t\t\t\t\t<div class=\"elementor-container elementor-column-gap-default\">\n\t\t\t\t\t<div class=\"elementor-column elementor-col-100 elementor-top-column elementor-element elementor-element-a808c62\" data-id=\"a808c62\" data-element_type=\"column\">\n\t\t\t<div class=\"elementor-widget-wrap elementor-element-populated\">\n\t\t\t\t\t\t<section class=\"elementor-section elementor-inner-section elementor-element elementor-element-50a1b6f elementor-section-boxed elementor-section-height-default elementor-section-height-default\" data-id=\"50a1b6f\" data-element_type=\"section\">\n\t\t\t\t\t\t<div class=\"elementor-container elementor-column-gap-default\">\n\t\t\t\t\t<div class=\"elementor-column elementor-col-50 elementor-inner-column elementor-element elementor-element-4b4d2db\" data-id=\"4b4d2db\" data-element_type=\"column\">\n\t\t\t<div class=\"elementor-widget-wrap elementor-element-populated\">\n\t\t\t\t\t\t<div class=\"elementor-element elementor-element-984d434 elementor-widget elementor-widget-heading\" data-id=\"984d434\" data-element_type=\"widget\" data-widget_type=\"heading.default\">\n\t\t\t\t<div class=\"elementor-widget-container\">\n\t\t\t<h2 class=\"elementor-heading-title elementor-size-default\">Somos<\/h2>\t\t<\/div>\n\t\t\t\t<\/div>\n\t\t\t\t<div class=\"elementor-element elementor-element-048ec31 elementor-widget elementor-widget-text-editor\" data-id=\"048ec31\" data-element_type=\"widget\" data-widget_type=\"text-editor.default\">\n\t\t\t\t<div class=\"elementor-widget-container\">\n\t\t\t\t\t\t\t<p><em><strong>Un espacio educativo online<\/strong> en constante crecimiento gracias a su sello personalizado <strong>que otorga tanto a p\u00e1rvulos como a sus familias, oportunidades para aprender, compartir y crecer<\/strong> en un espacio diverso, heterog\u00e9neo, juntos a ni\u00f1os en etapa preescolar de todo el mundo en habla hispana.<\/em><\/p>\t\t\t\t\t\t<\/div>\n\t\t\t\t<\/div>\n\t\t\t\t\t<\/div>\n\t\t<\/div>\n\t\t\t\t<div class=\"elementor-column elementor-col-50 elementor-inner-column elementor-element elementor-element-c2aed87\" data-id=\"c2aed87\" data-element_type=\"column\">\n\t\t\t<div class=\"elementor-widget-wrap elementor-element-populated\">\n\t\t\t\t\t\t<div class=\"elementor-element elementor-element-9a842c7 elementor-widget elementor-widget-image\" data-id=\"9a842c7\" data-element_type=\"widget\" data-widget_type=\"image.default\">\n\t\t\t\t<div class=\"elementor-widget-container\">\n\t\t\t\t\t\t\t\t\t\t\t\t\t<img fetchpriority=\"high\" decoding=\"async\" width=\"750\" height=\"534\" src=\"https:\/\/jardininfantilonline.cl\/wp-content\/uploads\/2023\/11\/foto-somos-jio-1.png\" class=\"attachment-large size-large wp-image-29639\" alt=\"\" srcset=\"https:\/\/jardininfantilonline.cl\/wp-content\/uploads\/2023\/11\/foto-somos-jio-1.png 750w, https:\/\/jardininfantilonline.cl\/wp-content\/uploads\/2023\/11\/foto-somos-jio-1-600x427.png 600w, https:\/\/jardininfantilonline.cl\/wp-content\/uploads\/2023\/11\/foto-somos-jio-1-300x214.png 300w\" sizes=\"(max-width: 750px) 100vw, 750px\" \/>\t\t\t\t\t\t\t\t\t\t\t\t\t<\/div>\n\t\t\t\t<\/div>\n\t\t\t\t\t<\/div>\n\t\t<\/div>\n\t\t\t\t\t<\/div>\n\t\t<\/section>\n\t\t\t\t\t<\/div>\n\t\t<\/div>\n\t\t\t\t\t<\/div>\n\t\t<\/section>\n\t\t\t\t<section class=\"elementor-section elementor-top-section elementor-element elementor-element-bc40402 elementor-section-stretched elementor-section-boxed elementor-section-height-default elementor-section-height-default\" data-id=\"bc40402\" data-element_type=\"section\" data-settings=\"{&quot;stretch_section&quot;:&quot;section-stretched&quot;}\">\n\t\t\t\t\t\t<div class=\"elementor-container elementor-column-gap-default\">\n\t\t\t\t\t<div class=\"elementor-column elementor-col-100 elementor-top-column elementor-element elementor-element-f05a740\" data-id=\"f05a740\" data-element_type=\"column\">\n\t\t\t<div class=\"elementor-widget-wrap elementor-element-populated\">\n\t\t\t\t\t\t<div class=\"elementor-element elementor-element-769ecc3 elementor-widget elementor-widget-heading\" data-id=\"769ecc3\" data-element_type=\"widget\" data-widget_type=\"heading.default\">\n\t\t\t\t<div class=\"elementor-widget-container\">\n\t\t\t<h4 class=\"elementor-heading-title elementor-size-default\">Visi\u00f3n<\/h4>\t\t<\/div>\n\t\t\t\t<\/div>\n\t\t\t\t<section class=\"elementor-section elementor-inner-section elementor-element elementor-element-24621ad elementor-section-boxed elementor-section-height-default elementor-section-height-default\" data-id=\"24621ad\" data-element_type=\"section\">\n\t\t\t\t\t\t<div class=\"elementor-container elementor-column-gap-default\">\n\t\t\t\t\t<div class=\"elementor-column elementor-col-50 elementor-inner-column elementor-element elementor-element-30b7a5c\" data-id=\"30b7a5c\" data-element_type=\"column\">\n\t\t\t<div class=\"elementor-widget-wrap elementor-element-populated\">\n\t\t\t\t\t\t<div class=\"elementor-element elementor-element-7163054 elementor-widget elementor-widget-text-editor\" data-id=\"7163054\" data-element_type=\"widget\" data-widget_type=\"text-editor.default\">\n\t\t\t\t<div class=\"elementor-widget-container\">\n\t\t\t\t\t\t\t<p>Nacida de la perspectiva de una sostenedora de Jard\u00edn Infantil afectada por la crisis sanitaria Covid-19 y una dise\u00f1adora gr\u00e1fica qui\u00e9n aporto con toda su visi\u00f3n en experiencia de usuario, cuyas visiones convergen en <strong>una perspectiva hol\u00edstica, que busca potenciar las enormes capacidades latentes en cada ni\u00f1o y ni\u00f1a, otorg\u00e1ndoles herramientas 100% propias y pensadas para trabajar en modalidad de clases online<\/strong><\/p>\t\t\t\t\t\t<\/div>\n\t\t\t\t<\/div>\n\t\t\t\t\t<\/div>\n\t\t<\/div>\n\t\t\t\t<div class=\"elementor-column elementor-col-50 elementor-inner-column elementor-element elementor-element-f0e7f7c\" data-id=\"f0e7f7c\" data-element_type=\"column\">\n\t\t\t<div class=\"elementor-widget-wrap elementor-element-populated\">\n\t\t\t\t\t\t<div class=\"elementor-element elementor-element-1b229b0 elementor-widget elementor-widget-text-editor\" data-id=\"1b229b0\" data-element_type=\"widget\" data-widget_type=\"text-editor.default\">\n\t\t\t\t<div class=\"elementor-widget-container\">\n\t\t\t\t\t\t\t<p><b>Permiti\u00e9ndoles<\/b><strong> a los ni\u00f1os desenvolverse a futuro en todos los \u00e1mbitos del ser humano: cognitivo, socio-emocional, corporal y espiritual,<\/strong> en convivencia de diferentes perspectivas culturales, junto a ni\u00f1os de distintos pa\u00edses, nivel econ\u00f3mico, con diferentes religiones y \u00e9tnias.<\/p>\t\t\t\t\t\t<\/div>\n\t\t\t\t<\/div>\n\t\t\t\t\t<\/div>\n\t\t<\/div>\n\t\t\t\t\t<\/div>\n\t\t<\/section>\n\t\t\t\t\t<\/div>\n\t\t<\/div>\n\t\t\t\t\t<\/div>\n\t\t<\/section>\n\t\t\t\t<section class=\"elementor-section elementor-top-section elementor-element elementor-element-01e7cb3 elementor-section-stretched elementor-section-boxed elementor-section-height-default elementor-section-height-default\" data-id=\"01e7cb3\" data-element_type=\"section\" data-settings=\"{&quot;stretch_section&quot;:&quot;section-stretched&quot;}\">\n\t\t\t\t\t\t<div class=\"elementor-container elementor-column-gap-default\">\n\t\t\t\t\t<div class=\"elementor-column elementor-col-100 elementor-top-column elementor-element elementor-element-61510ed\" data-id=\"61510ed\" data-element_type=\"column\">\n\t\t\t<div class=\"elementor-widget-wrap elementor-element-populated\">\n\t\t\t\t\t\t<div class=\"elementor-element elementor-element-016a5cc elementor-widget elementor-widget-heading\" data-id=\"016a5cc\" data-element_type=\"widget\" data-widget_type=\"heading.default\">\n\t\t\t\t<div class=\"elementor-widget-container\">\n\t\t\t<h4 class=\"elementor-heading-title elementor-size-default\">Nuestro Impacto Educativo a Nivel Mundial<\/h4>\t\t<\/div>\n\t\t\t\t<\/div>\n\t\t\t\t<div class=\"elementor-element elementor-element-055724c elementor-widget elementor-widget-text-editor\" data-id=\"055724c\" data-element_type=\"widget\" data-widget_type=\"text-editor.default\">\n\t\t\t\t<div class=\"elementor-widget-container\">\n\t\t\t\t\t\t\t<p>Nacidos a tiempo record el a\u00f1o 2020 <strong>nos sumamos a la aceleraci\u00f3n y transformaci\u00f3n digital de la educaci\u00f3n.<\/strong> En la que toda la industria educativa se vio obligada a reinvetarse debido a las restricciones de movilidad causadas por la pandemia Covid-19, y a pesar de los sin n\u00famero de desaf\u00edos que tuvimos que enfrentar nos mantuvimos firme logrando posicionarnos en el mercado, sobre todo al mito de los padres que subestimaban las capacidades de adaptaci\u00f3n de sus hijos a las clases online, muchos dec\u00edan que no ser\u00edan capaces de concentrarse o mantener su atenci\u00f3n frente a la pantalla y finalmente sociabilizar a trav\u00e9s de ella.<\/p>\n<p>Actualmente hemos llegado ha <strong>m\u00e1s de 350 familias y estudiantes de preescolar en m\u00e1s de 5 pa\u00edses de habla hispana<\/strong> a nivel mundial y graduado a m\u00e1s de 200 estudiantes, que iniciar\u00e1n su escolaridad.<\/p>\t\t\t\t\t\t<\/div>\n\t\t\t\t<\/div>\n\t\t\t\t<section class=\"elementor-section elementor-inner-section elementor-element elementor-element-56e2fa6 elementor-section-boxed elementor-section-height-default elementor-section-height-default\" data-id=\"56e2fa6\" data-element_type=\"section\">\n\t\t\t\t\t\t<div class=\"elementor-container elementor-column-gap-default\">\n\t\t\t\t\t<div class=\"elementor-column elementor-col-33 elementor-inner-column elementor-element elementor-element-36067cc\" data-id=\"36067cc\" data-element_type=\"column\">\n\t\t\t<div class=\"elementor-widget-wrap elementor-element-populated\">\n\t\t\t\t\t\t<div class=\"elementor-element elementor-element-37ff12e elementor-widget elementor-widget-image\" data-id=\"37ff12e\" data-element_type=\"widget\" data-widget_type=\"image.default\">\n\t\t\t\t<div class=\"elementor-widget-container\">\n\t\t\t\t\t\t\t\t\t\t\t\t\t\t<a href=\"https:\/\/www.13.cl\/programas\/aqui-somos-todos\/emprendimientos\/jardin-infantil-online-ofrece-clases-y-talleres-a\">\n\t\t\t\t\t\t\t<img decoding=\"async\" width=\"800\" height=\"446\" src=\"https:\/\/jardininfantilonline.cl\/wp-content\/uploads\/2021\/09\/Jio-t13-1024x571.png\" class=\"attachment-large size-large wp-image-19446\" alt=\"\" srcset=\"https:\/\/jardininfantilonline.cl\/wp-content\/uploads\/2021\/09\/Jio-t13-1024x571.png 1024w, https:\/\/jardininfantilonline.cl\/wp-content\/uploads\/2021\/09\/Jio-t13-600x334.png 600w, https:\/\/jardininfantilonline.cl\/wp-content\/uploads\/2021\/09\/Jio-t13-300x167.png 300w, https:\/\/jardininfantilonline.cl\/wp-content\/uploads\/2021\/09\/Jio-t13-768x428.png 768w, https:\/\/jardininfantilonline.cl\/wp-content\/uploads\/2021\/09\/Jio-t13.png 1428w\" sizes=\"(max-width: 800px) 100vw, 800px\" \/>\t\t\t\t\t\t\t\t<\/a>\n\t\t\t\t\t\t\t\t\t\t\t\t\t<\/div>\n\t\t\t\t<\/div>\n\t\t\t\t<div class=\"elementor-element elementor-element-c15500a elementor-widget elementor-widget-text-editor\" data-id=\"c15500a\" data-element_type=\"widget\" data-widget_type=\"text-editor.default\">\n\t\t\t\t<div class=\"elementor-widget-container\">\n\t\t\t\t\t\t\t<h3 class=\"news-title\">Jard\u00edn Infant\u00edl Online ofrece clases y talleres a distancia<\/h3>\t\t\t\t\t\t<\/div>\n\t\t\t\t<\/div>\n\t\t\t\t\t<\/div>\n\t\t<\/div>\n\t\t\t\t<div class=\"elementor-column elementor-col-33 elementor-inner-column elementor-element elementor-element-4da66ef\" data-id=\"4da66ef\" data-element_type=\"column\">\n\t\t\t<div class=\"elementor-widget-wrap elementor-element-populated\">\n\t\t\t\t\t\t<div class=\"elementor-element elementor-element-c63a338 elementor-widget elementor-widget-image\" data-id=\"c63a338\" data-element_type=\"widget\" data-widget_type=\"image.default\">\n\t\t\t\t<div class=\"elementor-widget-container\">\n\t\t\t\t\t\t\t\t\t\t\t\t\t\t<a href=\"https:\/\/www.eldinamo.cl\/empren-d\/2021\/08\/04\/desde-servicios-electricos-hasta-un-jardin-infantil-online-los-emprendedores-protagonistas-del-programa-emerge\/\">\n\t\t\t\t\t\t\t<img decoding=\"async\" width=\"800\" height=\"421\" src=\"https:\/\/jardininfantilonline.cl\/wp-content\/uploads\/2021\/09\/Jio-1024x539.jpg\" class=\"attachment-large size-large wp-image-19447\" alt=\"\" srcset=\"https:\/\/jardininfantilonline.cl\/wp-content\/uploads\/2021\/09\/Jio-1024x539.jpg 1024w, https:\/\/jardininfantilonline.cl\/wp-content\/uploads\/2021\/09\/Jio-600x316.jpg 600w, https:\/\/jardininfantilonline.cl\/wp-content\/uploads\/2021\/09\/Jio-300x158.jpg 300w, https:\/\/jardininfantilonline.cl\/wp-content\/uploads\/2021\/09\/Jio-768x404.jpg 768w, https:\/\/jardininfantilonline.cl\/wp-content\/uploads\/2021\/09\/Jio.jpg 1300w\" sizes=\"(max-width: 800px) 100vw, 800px\" \/>\t\t\t\t\t\t\t\t<\/a>\n\t\t\t\t\t\t\t\t\t\t\t\t\t<\/div>\n\t\t\t\t<\/div>\n\t\t\t\t<div class=\"elementor-element elementor-element-8044c99 elementor-widget elementor-widget-text-editor\" data-id=\"8044c99\" data-element_type=\"widget\" data-widget_type=\"text-editor.default\">\n\t\t\t\t<div class=\"elementor-widget-container\">\n\t\t\t\t\t\t\t<h3>Desde servicios el\u00e9ctricos hasta un jard\u00edn infantil online: los emprendimientos protagonistas del Programa Emerge<\/h3>\t\t\t\t\t\t<\/div>\n\t\t\t\t<\/div>\n\t\t\t\t\t<\/div>\n\t\t<\/div>\n\t\t\t\t<div class=\"elementor-column elementor-col-33 elementor-inner-column elementor-element elementor-element-caa5f5d\" data-id=\"caa5f5d\" data-element_type=\"column\">\n\t\t\t<div class=\"elementor-widget-wrap elementor-element-populated\">\n\t\t\t\t\t\t<div class=\"elementor-element elementor-element-b0679af elementor-widget elementor-widget-image\" data-id=\"b0679af\" data-element_type=\"widget\" data-widget_type=\"image.default\">\n\t\t\t\t<div class=\"elementor-widget-container\">\n\t\t\t\t\t\t\t\t\t\t\t\t\t\t<a href=\"https:\/\/jardininfantilonline.cl\/index.php\/2022\/01\/21\/pandemials-mas-de-200-alumnos-de-preescolar-ya-se-han-graduado-de-forma-100-online\/\">\n\t\t\t\t\t\t\t<img loading=\"lazy\" decoding=\"async\" width=\"608\" height=\"474\" src=\"https:\/\/jardininfantilonline.cl\/wp-content\/uploads\/2022\/01\/Captura-de-Pantalla-2022-01-21-a-las-11.47.11.png\" class=\"attachment-large size-large wp-image-22033\" alt=\"\" srcset=\"https:\/\/jardininfantilonline.cl\/wp-content\/uploads\/2022\/01\/Captura-de-Pantalla-2022-01-21-a-las-11.47.11.png 608w, https:\/\/jardininfantilonline.cl\/wp-content\/uploads\/2022\/01\/Captura-de-Pantalla-2022-01-21-a-las-11.47.11-600x468.png 600w, https:\/\/jardininfantilonline.cl\/wp-content\/uploads\/2022\/01\/Captura-de-Pantalla-2022-01-21-a-las-11.47.11-300x234.png 300w\" sizes=\"(max-width: 608px) 100vw, 608px\" \/>\t\t\t\t\t\t\t\t<\/a>\n\t\t\t\t\t\t\t\t\t\t\t\t\t<\/div>\n\t\t\t\t<\/div>\n\t\t\t\t<div class=\"elementor-element elementor-element-b316699 elementor-widget elementor-widget-text-editor\" data-id=\"b316699\" data-element_type=\"widget\" data-widget_type=\"text-editor.default\">\n\t\t\t\t<div class=\"elementor-widget-container\">\n\t\t\t\t\t\t\t<h3>Pandemials: M\u00e1s de 200 alumnos de preescolar ya se han graduado de forma 100% online<\/h3>\t\t\t\t\t\t<\/div>\n\t\t\t\t<\/div>\n\t\t\t\t\t<\/div>\n\t\t<\/div>\n\t\t\t\t\t<\/div>\n\t\t<\/section>\n\t\t\t\t\t<\/div>\n\t\t<\/div>\n\t\t\t\t\t<\/div>\n\t\t<\/section>\n\t\t\t\t<\/div>\n\t\t","protected":false},"excerpt":{"rendered":"<p>Somos Un espacio educativo online en constante crecimiento gracias a su sello personalizado que otorga tanto a p\u00e1rvulos como a sus familias, oportunidades para aprender, compartir y crecer en un espacio diverso, heterog\u00e9neo, juntos a ni\u00f1os en etapa preescolar de todo el mundo en habla hispana. Visi\u00f3n Nacida de la perspectiva de una sostenedora de [&hellip;]<\/p>\n","protected":false},"author":1,"featured_media":0,"parent":0,"menu_order":0,"comment_status":"closed","ping_status":"closed","template":"elementor_header_footer","meta":{"footnotes":""},"class_list":["post-9168","page","type-page","status-publish","hentry"],"_links":{"self":[{"href":"https:\/\/jardininfantilonline.cl\/index.php\/wp-json\/wp\/v2\/pages\/9168","targetHints":{"allow":["GET"]}}],"collection":[{"href":"https:\/\/jardininfantilonline.cl\/index.php\/wp-json\/wp\/v2\/pages"}],"about":[{"href":"https:\/\/jardininfantilonline.cl\/index.php\/wp-json\/wp\/v2\/types\/page"}],"author":[{"embeddable":true,"href":"https:\/\/jardininfantilonline.cl\/index.php\/wp-json\/wp\/v2\/users\/1"}],"replies":[{"embeddable":true,"href":"https:\/\/jardininfantilonline.cl\/index.php\/wp-json\/wp\/v2\/comments?post=9168"}],"version-history":[{"count":43,"href":"https:\/\/jardininfantilonline.cl\/index.php\/wp-json\/wp\/v2\/pages\/9168\/revisions"}],"predecessor-version":[{"id":30322,"href":"https:\/\/jardininfantilonline.cl\/index.php\/wp-json\/wp\/v2\/pages\/9168\/revisions\/30322"}],"wp:attachment":[{"href":"https:\/\/jardininfantilonline.cl\/index.php\/wp-json\/wp\/v2\/media?parent=9168"}],"curies":[{"name":"wp","href":"https:\/\/api.w.org\/{rel}","templated":true}]}}