{"id":8732,"date":"2020-05-09T12:47:14","date_gmt":"2020-05-09T16:47:14","guid":{"rendered":"http:\/\/jardininfantilonline.cl\/?page_id=8732"},"modified":"2020-08-07T22:37:45","modified_gmt":"2020-08-08T02:37:45","slug":"contacto","status":"publish","type":"page","link":"https:\/\/jardininfantilonline.cl\/index.php\/contacto\/","title":{"rendered":"Contacto"},"content":{"rendered":"\t\t<div data-elementor-type=\"wp-page\" data-elementor-id=\"8732\" class=\"elementor elementor-8732\" data-elementor-post-type=\"page\">\n\t\t\t\t\t\t<section class=\"elementor-section elementor-top-section elementor-element elementor-element-2be74f7d elementor-section-stretched elementor-section-boxed elementor-section-height-default elementor-section-height-default\" data-id=\"2be74f7d\" data-element_type=\"section\" data-settings=\"{&quot;stretch_section&quot;:&quot;section-stretched&quot;}\">\n\t\t\t\t\t\t<div class=\"elementor-container elementor-column-gap-default\">\n\t\t\t\t\t<div class=\"elementor-column elementor-col-100 elementor-top-column elementor-element elementor-element-42e54208\" data-id=\"42e54208\" data-element_type=\"column\">\n\t\t\t<div class=\"elementor-widget-wrap elementor-element-populated\">\n\t\t\t\t\t\t<div class=\"elementor-element elementor-element-306bbd08 elementor-widget elementor-widget-text-editor\" data-id=\"306bbd08\" data-element_type=\"widget\" data-widget_type=\"text-editor.default\">\n\t\t\t\t<div class=\"elementor-widget-container\">\n\t\t\t\t\t\t\t<p><!-- wp:image {\"id\":8777,\"sizeSlug\":\"large\"} --><\/p>\n<figure class=\"wp-block-image size-large\"><img fetchpriority=\"high\" decoding=\"async\" width=\"1024\" height=\"199\" class=\"wp-image-8777\" src=\"http:\/\/jardininfantilonline.cl\/wp-content\/uploads\/2020\/05\/JIO_planes-sostenedores-1-1024x199.jpg\" alt=\"\" srcset=\"https:\/\/jardininfantilonline.cl\/wp-content\/uploads\/2020\/05\/JIO_planes-sostenedores-1-1024x199.jpg 1024w, https:\/\/jardininfantilonline.cl\/wp-content\/uploads\/2020\/05\/JIO_planes-sostenedores-1-600x117.jpg 600w, https:\/\/jardininfantilonline.cl\/wp-content\/uploads\/2020\/05\/JIO_planes-sostenedores-1-300x58.jpg 300w, https:\/\/jardininfantilonline.cl\/wp-content\/uploads\/2020\/05\/JIO_planes-sostenedores-1-768x149.jpg 768w, https:\/\/jardininfantilonline.cl\/wp-content\/uploads\/2020\/05\/JIO_planes-sostenedores-1-1536x298.jpg 1536w, https:\/\/jardininfantilonline.cl\/wp-content\/uploads\/2020\/05\/JIO_planes-sostenedores-1.jpg 1925w\" sizes=\"(max-width: 1024px) 100vw, 1024px\" \/><\/figure>\n<p><!-- \/wp:image --><\/p>\n<p>Queridos sostenedores, queremos ayudarlos a mantener contacto entre sus educadoras y alumnos con el fin de facilitar la inversi\u00f3n e innovaci\u00f3n tecnol\u00f3gica en tiempos de crisis.<\/p>\n<p>Nuestro plan para sostenedores contempla una cuenta \u00fanica compartida para educadores con acceso a una sala online exclusiva para su establecimiento. Cada alumno de su instituci\u00f3n tendr\u00e1 derecho a ingresar a la sala con horarios programados por nivel y adicionalmente tendr\u00e1 derecho a todos los talleres de nuestra plataforma, acceso al material did\u00e1ctico y una cuenta personal.<\/p>\n<p>El plan tiene un costo de implementaci\u00f3n una \u00fanica vez y una demora de aproximadamente 12 horas desde la entrega del listado de alumnos y correo del apoderado por parte de la instituci\u00f3n. El valor mensual es variable seg\u00fan la cantidad de alumnos y el plan que suscriban, escr\u00edbenos para mayor informaci\u00f3n.<\/p>\n<p>hola@jardininfantilonline.cl<\/p>\t\t\t\t\t\t<\/div>\n\t\t\t\t<\/div>\n\t\t\t\t\t<\/div>\n\t\t<\/div>\n\t\t\t\t\t<\/div>\n\t\t<\/section>\n\t\t\t\t<section class=\"elementor-section elementor-top-section elementor-element elementor-element-a82d56f elementor-section-boxed elementor-section-height-default elementor-section-height-default\" data-id=\"a82d56f\" data-element_type=\"section\">\n\t\t\t\t\t\t<div class=\"elementor-container elementor-column-gap-default\">\n\t\t\t\t\t<div class=\"elementor-column elementor-col-100 elementor-top-column elementor-element elementor-element-d7d8894\" data-id=\"d7d8894\" data-element_type=\"column\">\n\t\t\t<div class=\"elementor-widget-wrap\">\n\t\t\t\t\t\t\t<\/div>\n\t\t<\/div>\n\t\t\t\t\t<\/div>\n\t\t<\/section>\n\t\t\t\t<\/div>\n\t\t","protected":false},"excerpt":{"rendered":"<p>Queridos sostenedores, queremos ayudarlos a mantener contacto entre sus educadoras y alumnos con el fin de facilitar la inversi\u00f3n e innovaci\u00f3n tecnol\u00f3gica en tiempos de crisis. Nuestro plan para sostenedores contempla una cuenta \u00fanica compartida para educadores con acceso a una sala online exclusiva para su establecimiento. Cada alumno de su instituci\u00f3n tendr\u00e1 derecho a [&hellip;]<\/p>\n","protected":false},"author":1,"featured_media":0,"parent":0,"menu_order":0,"comment_status":"closed","ping_status":"closed","template":"","meta":{"footnotes":""},"class_list":["post-8732","page","type-page","status-publish","hentry"],"_links":{"self":[{"href":"https:\/\/jardininfantilonline.cl\/index.php\/wp-json\/wp\/v2\/pages\/8732","targetHints":{"allow":["GET"]}}],"collection":[{"href":"https:\/\/jardininfantilonline.cl\/index.php\/wp-json\/wp\/v2\/pages"}],"about":[{"href":"https:\/\/jardininfantilonline.cl\/index.php\/wp-json\/wp\/v2\/types\/page"}],"author":[{"embeddable":true,"href":"https:\/\/jardininfantilonline.cl\/index.php\/wp-json\/wp\/v2\/users\/1"}],"replies":[{"embeddable":true,"href":"https:\/\/jardininfantilonline.cl\/index.php\/wp-json\/wp\/v2\/comments?post=8732"}],"version-history":[{"count":15,"href":"https:\/\/jardininfantilonline.cl\/index.php\/wp-json\/wp\/v2\/pages\/8732\/revisions"}],"predecessor-version":[{"id":8981,"href":"https:\/\/jardininfantilonline.cl\/index.php\/wp-json\/wp\/v2\/pages\/8732\/revisions\/8981"}],"wp:attachment":[{"href":"https:\/\/jardininfantilonline.cl\/index.php\/wp-json\/wp\/v2\/media?parent=8732"}],"curies":[{"name":"wp","href":"https:\/\/api.w.org\/{rel}","templated":true}]}}