{"id":29686,"date":"2023-11-10T20:35:51","date_gmt":"2023-11-11T00:35:51","guid":{"rendered":"https:\/\/jardininfantilonline.cl\/?page_id=29686"},"modified":"2023-12-10T12:30:49","modified_gmt":"2023-12-10T16:30:49","slug":"sala-astronauta","status":"publish","type":"page","link":"https:\/\/jardininfantilonline.cl\/index.php\/sala-astronauta\/","title":{"rendered":"Sala Astronauta"},"content":{"rendered":"\t\t<div data-elementor-type=\"wp-page\" data-elementor-id=\"29686\" class=\"elementor elementor-29686\" data-elementor-post-type=\"page\">\n\t\t\t\t\t\t<section class=\"elementor-section elementor-top-section elementor-element elementor-element-141c6e25 elementor-section-stretched elementor-section-boxed elementor-section-height-default elementor-section-height-default\" data-id=\"141c6e25\" data-element_type=\"section\" data-settings=\"{&quot;stretch_section&quot;:&quot;section-stretched&quot;}\">\n\t\t\t\t\t\t<div class=\"elementor-container elementor-column-gap-default\">\n\t\t\t\t\t<div class=\"elementor-column elementor-col-100 elementor-top-column elementor-element elementor-element-448a6bd\" data-id=\"448a6bd\" data-element_type=\"column\">\n\t\t\t<div class=\"elementor-widget-wrap elementor-element-populated\">\n\t\t\t\t\t\t<section class=\"elementor-section elementor-inner-section elementor-element elementor-element-38cefe0e elementor-section-full_width elementor-section-height-default elementor-section-height-default\" data-id=\"38cefe0e\" data-element_type=\"section\">\n\t\t\t\t\t\t<div class=\"elementor-container elementor-column-gap-default\">\n\t\t\t\t\t<div class=\"elementor-column elementor-col-66 elementor-inner-column elementor-element elementor-element-13ded57e\" data-id=\"13ded57e\" data-element_type=\"column\">\n\t\t\t<div class=\"elementor-widget-wrap elementor-element-populated\">\n\t\t\t\t\t\t<div class=\"elementor-element elementor-element-7024d459 elementor-widget elementor-widget-heading\" data-id=\"7024d459\" data-element_type=\"widget\" data-widget_type=\"heading.default\">\n\t\t\t\t<div class=\"elementor-widget-container\">\n\t\t\t<h2 class=\"elementor-heading-title elementor-size-default\">Curso de Lecto-Escritura<\/h2>\t\t<\/div>\n\t\t\t\t<\/div>\n\t\t\t\t<div class=\"elementor-element elementor-element-53c62d8b elementor-widget elementor-widget-text-editor\" data-id=\"53c62d8b\" data-element_type=\"widget\" data-widget_type=\"text-editor.default\">\n\t\t\t\t<div class=\"elementor-widget-container\">\n\t\t\t\t\t\t\t<p>Bienvenido a la Sala de Clases del Jard\u00edn Infantil Online, ahora ser\u00e1 re-dirigido fuera de la p\u00e1gina a la<b>\u00a0aplicaci\u00f3n de\u00a0\u00a0<a href=\"https:\/\/zoom.us\/download\">Zoom<\/a><\/b>.\u00a0<\/p><ul><li>Tener Instalado\u00a0<a href=\"https:\/\/zoom.us\/download\">Zoom<\/a>\u00a0en el dispositivo<\/li><li>Tener los material de acuerdo a la planificaci\u00f3n de cada clase.<\/li><li>El ID de acceso para la Sala Astronauta en zoom es: <strong>894 4585 8722<\/strong><\/li><li>El c\u00f3digo de acceso para la sala del Zoom es <strong>jiosummer<\/strong><\/li><li>Para ingresar a la clase deber\u00e1 esperar que la educadora apruebe su entrada, al ingresar entrar\u00e1 moment\u00e1neamente a una sala de espera por favor,\u00a0<strong>utilice un nombre de su hijo para que la educadora lo pueda reconocer.<\/strong><\/li><li>Si tiene problemas para ingresar a su clase cont\u00e1ctese a +56 9 9291 0484<\/li><\/ul>\t\t\t\t\t\t<\/div>\n\t\t\t\t<\/div>\n\t\t\t\t<div class=\"elementor-element elementor-element-7ac0505d elementor-align-center elementor-widget elementor-widget-button\" data-id=\"7ac0505d\" data-element_type=\"widget\" data-widget_type=\"button.default\">\n\t\t\t\t<div class=\"elementor-widget-container\">\n\t\t\t\t\t<div class=\"elementor-button-wrapper\">\n\t\t\t<a class=\"elementor-button elementor-button-link elementor-size-sm\" href=\"https:\/\/us06web.zoom.us\/j\/89445858722\">\n\t\t\t\t\t\t<span class=\"elementor-button-content-wrapper\">\n\t\t\t\t\t\t<span class=\"elementor-button-icon elementor-align-icon-left\">\n\t\t\t\t<i aria-hidden=\"true\" class=\"fas fa-chalkboard-teacher\"><\/i>\t\t\t<\/span>\n\t\t\t\t\t\t<span class=\"elementor-button-text\">Ingresara a la sala V\u00eda L\u00e1ctea en Zoom<\/span>\n\t\t<\/span>\n\t\t\t\t\t<\/a>\n\t\t<\/div>\n\t\t\t\t<\/div>\n\t\t\t\t<\/div>\n\t\t\t\t<div class=\"elementor-element elementor-element-39c23823 elementor-widget elementor-widget-text-editor\" data-id=\"39c23823\" data-element_type=\"widget\" data-widget_type=\"text-editor.default\">\n\t\t\t\t<div class=\"elementor-widget-container\">\n\t\t\t\t\t\t\t<p><b>Inicio de Actividades: <\/b>Desde el Mi\u00e9rcoles 15 de Noviembre 2023 para ni\u00f1os de 4 a 6 a\u00f1os. (Transici\u00f3n II \/ Kinder y 1ro B\u00e1sico)<\/p>\t\t\t\t\t\t<\/div>\n\t\t\t\t<\/div>\n\t\t\t\t<div class=\"elementor-element elementor-element-44d42a86 elementor-widget elementor-widget-spacer\" data-id=\"44d42a86\" data-element_type=\"widget\" data-widget_type=\"spacer.default\">\n\t\t\t\t<div class=\"elementor-widget-container\">\n\t\t\t\t\t<div class=\"elementor-spacer\">\n\t\t\t<div class=\"elementor-spacer-inner\"><\/div>\n\t\t<\/div>\n\t\t\t\t<\/div>\n\t\t\t\t<\/div>\n\t\t\t\t<div class=\"elementor-element elementor-element-40f1721 elementor-widget elementor-widget-accordion\" data-id=\"40f1721\" data-element_type=\"widget\" data-widget_type=\"accordion.default\">\n\t\t\t\t<div class=\"elementor-widget-container\">\n\t\t\t\t\t<div class=\"elementor-accordion\">\n\t\t\t\t\t\t\t<div class=\"elementor-accordion-item\">\n\t\t\t\t\t<div id=\"elementor-tab-title-6801\" class=\"elementor-tab-title\" data-tab=\"1\" role=\"button\" aria-controls=\"elementor-tab-content-6801\" aria-expanded=\"false\">\n\t\t\t\t\t\t\t\t\t\t\t\t\t<span class=\"elementor-accordion-icon elementor-accordion-icon-left\" aria-hidden=\"true\">\n\t\t\t\t\t\t\t\t\t\t\t\t\t\t\t<span class=\"elementor-accordion-icon-closed\"><i class=\"fas fa-plus\"><\/i><\/span>\n\t\t\t\t\t\t\t\t<span class=\"elementor-accordion-icon-opened\"><i class=\"fas fa-minus\"><\/i><\/span>\n\t\t\t\t\t\t\t\t\t\t\t\t\t\t<\/span>\n\t\t\t\t\t\t\t\t\t\t\t\t<a class=\"elementor-accordion-title\" tabindex=\"0\">NOVIEMBRE SEMANA 3<\/a>\n\t\t\t\t\t<\/div>\n\t\t\t\t\t<div id=\"elementor-tab-content-6801\" class=\"elementor-tab-content elementor-clearfix\" data-tab=\"1\" role=\"region\" aria-labelledby=\"elementor-tab-title-6801\"><p><a href=\"https:\/\/jardininfantilonline.cl\/wp-content\/uploads\/2023\/11\/PLANIFICACION-MIERCOLES-15-DE-NOVIEMBRE-2023-ASTRONAUTA-LECTO-ESCRITURA.pdf\">PLANIFICACION MIERCOLES 15 DE NOVIEMBRE 2023, ASTRONAUTA, LECTO ESCRITURA<\/a> <a href=\"https:\/\/jardininfantilonline.cl\/wp-content\/uploads\/2023\/11\/PLANIFICACION-VIERNES-17-DE-NOVIEMBRE-2023-ASTRONAUTA-LECTO-ESCRITURA.pdf\">PLANIFICACION VIERNES 17 DE NOVIEMBRE 2023, ASTRONAUTA, LECTO ESCRITURA<\/a><\/p><\/div>\n\t\t\t\t<\/div>\n\t\t\t\t\t\t\t<div class=\"elementor-accordion-item\">\n\t\t\t\t\t<div id=\"elementor-tab-title-6802\" class=\"elementor-tab-title\" data-tab=\"2\" role=\"button\" aria-controls=\"elementor-tab-content-6802\" aria-expanded=\"false\">\n\t\t\t\t\t\t\t\t\t\t\t\t\t<span class=\"elementor-accordion-icon elementor-accordion-icon-left\" aria-hidden=\"true\">\n\t\t\t\t\t\t\t\t\t\t\t\t\t\t\t<span class=\"elementor-accordion-icon-closed\"><i class=\"fas fa-plus\"><\/i><\/span>\n\t\t\t\t\t\t\t\t<span class=\"elementor-accordion-icon-opened\"><i class=\"fas fa-minus\"><\/i><\/span>\n\t\t\t\t\t\t\t\t\t\t\t\t\t\t<\/span>\n\t\t\t\t\t\t\t\t\t\t\t\t<a class=\"elementor-accordion-title\" tabindex=\"0\">NOVIEMBRE SEMANA 4<\/a>\n\t\t\t\t\t<\/div>\n\t\t\t\t\t<div id=\"elementor-tab-content-6802\" class=\"elementor-tab-content elementor-clearfix\" data-tab=\"2\" role=\"region\" aria-labelledby=\"elementor-tab-title-6802\"><p><a href=\"https:\/\/jardininfantilonline.cl\/wp-content\/uploads\/2023\/11\/PLANIFICACION-MARTES-21-DE-NOVIEMBRE-2023-ASTRONAUTA-LECTO-ESCRITURA.pdf\">PLANIFICACION MARTES 21 DE NOVIEMBRE 2023, ASTRONAUTA, LECTO ESCRITURA<\/a><\/p><p><a href=\"https:\/\/jardininfantilonline.cl\/wp-content\/uploads\/2023\/11\/PLANIFICACION-MIERCOLES-22-DE-NOVIEMBRE-2023-ASTRONAUTA-LECTO-ESCRITURA.pdf\">PLANIFICACION MIERCOLES 22 DE NOVIEMBRE 2023, ASTRONAUTA, LECTO ESCRITURA<\/a><\/p><p><a href=\"https:\/\/jardininfantilonline.cl\/wp-content\/uploads\/2023\/11\/PLANIFICACION-VIERNES-24-DE-NOVIEMBRE-2023-ASTRONAUTA-LECTO-ESCRITURA.pdf\">PLANIFICACION VIERNES 24 DE NOVIEMBRE 2023, ASTRONAUTA, LECTO ESCRITURA<\/a><\/p><\/div>\n\t\t\t\t<\/div>\n\t\t\t\t\t\t\t\t<\/div>\n\t\t\t\t<\/div>\n\t\t\t\t<\/div>\n\t\t\t\t\t<\/div>\n\t\t<\/div>\n\t\t\t\t<div class=\"elementor-column elementor-col-33 elementor-inner-column elementor-element elementor-element-498862b9\" data-id=\"498862b9\" data-element_type=\"column\" data-settings=\"{&quot;background_background&quot;:&quot;classic&quot;}\">\n\t\t\t<div class=\"elementor-widget-wrap elementor-element-populated\">\n\t\t\t\t\t\t<div class=\"elementor-element elementor-element-128658c3 elementor-widget elementor-widget-text-editor\" data-id=\"128658c3\" data-element_type=\"widget\" data-widget_type=\"text-editor.default\">\n\t\t\t\t<div class=\"elementor-widget-container\">\n\t\t\t\t\t\t\t<p>Si tienes dudas o problemas cont\u00e1ctenos a la brevedad al correo hola@jardininfantilonline.cl\u00a0<br \/>\u00a0<\/p>\t\t\t\t\t\t<\/div>\n\t\t\t\t<\/div>\n\t\t\t\t<div class=\"elementor-element elementor-element-10146ec9 elementor-widget elementor-widget-heading\" data-id=\"10146ec9\" data-element_type=\"widget\" data-widget_type=\"heading.default\">\n\t\t\t\t<div class=\"elementor-widget-container\">\n\t\t\t<h2 class=\"elementor-heading-title elementor-size-default\">Mi Clase<\/h2>\t\t<\/div>\n\t\t\t\t<\/div>\n\t\t\t\t<div class=\"elementor-element elementor-element-41867ddb elementor-widget elementor-widget-image\" data-id=\"41867ddb\" data-element_type=\"widget\" data-widget_type=\"image.default\">\n\t\t\t\t<div class=\"elementor-widget-container\">\n\t\t\t\t\t\t\t\t\t\t\t\t\t<img fetchpriority=\"high\" decoding=\"async\" width=\"800\" height=\"800\" src=\"https:\/\/jardininfantilonline.cl\/wp-content\/uploads\/2023\/02\/jio-talleres-Salas-10-1024x1024.png\" class=\"attachment-large size-large wp-image-27135\" alt=\"\" srcset=\"https:\/\/jardininfantilonline.cl\/wp-content\/uploads\/2023\/02\/jio-talleres-Salas-10-1024x1024.png 1024w, https:\/\/jardininfantilonline.cl\/wp-content\/uploads\/2023\/02\/jio-talleres-Salas-10-300x300.png 300w, https:\/\/jardininfantilonline.cl\/wp-content\/uploads\/2023\/02\/jio-talleres-Salas-10-100x100.png 100w, https:\/\/jardininfantilonline.cl\/wp-content\/uploads\/2023\/02\/jio-talleres-Salas-10-600x600.png 600w, https:\/\/jardininfantilonline.cl\/wp-content\/uploads\/2023\/02\/jio-talleres-Salas-10-150x150.png 150w, https:\/\/jardininfantilonline.cl\/wp-content\/uploads\/2023\/02\/jio-talleres-Salas-10-768x768.png 768w, https:\/\/jardininfantilonline.cl\/wp-content\/uploads\/2023\/02\/jio-talleres-Salas-10.png 1043w\" sizes=\"(max-width: 800px) 100vw, 800px\" \/>\t\t\t\t\t\t\t\t\t\t\t\t\t<\/div>\n\t\t\t\t<\/div>\n\t\t\t\t<div class=\"elementor-element elementor-element-5b05deb7 elementor-widget elementor-widget-text-editor\" data-id=\"5b05deb7\" data-element_type=\"widget\" data-widget_type=\"text-editor.default\">\n\t\t\t\t<div class=\"elementor-widget-container\">\n\t\t\t\t\t\t\t<p>Nombre: Astronauta<br \/>Martes, Mi\u00e9rcoles y Viernes: 16hrs.<br \/>Edad del grupo: 4 a 6 a\u00f1os<\/p>\t\t\t\t\t\t<\/div>\n\t\t\t\t<\/div>\n\t\t\t\t<div class=\"elementor-element elementor-element-61b32c13 elementor-widget elementor-widget-heading\" data-id=\"61b32c13\" data-element_type=\"widget\" data-widget_type=\"heading.default\">\n\t\t\t\t<div class=\"elementor-widget-container\">\n\t\t\t<h2 class=\"elementor-heading-title elementor-size-default\">Lista de Alumnos<\/h2>\t\t<\/div>\n\t\t\t\t<\/div>\n\t\t\t\t<div class=\"elementor-element elementor-element-762b7a3a elementor-widget elementor-widget-text-editor\" data-id=\"762b7a3a\" data-element_type=\"widget\" data-widget_type=\"text-editor.default\">\n\t\t\t\t<div class=\"elementor-widget-container\">\n\t\t\t\t\t\t\t\t\t\t\t\t\t<\/div>\n\t\t\t\t<\/div>\n\t\t\t\t<div class=\"elementor-element elementor-element-11adc610 elementor-widget elementor-widget-text-editor\" data-id=\"11adc610\" data-element_type=\"widget\" data-widget_type=\"text-editor.default\">\n\t\t\t\t<div class=\"elementor-widget-container\">\n\t\t\t\t\t\t\t<ul><li>Emilio Andr\u00e9s Chav\u00e9s Echegaray<\/li><li>\u00a0<\/li><\/ul>\t\t\t\t\t\t<\/div>\n\t\t\t\t<\/div>\n\t\t\t\t<div class=\"elementor-element elementor-element-4a308ba elementor-widget elementor-widget-heading\" data-id=\"4a308ba\" data-element_type=\"widget\" data-widget_type=\"heading.default\">\n\t\t\t\t<div class=\"elementor-widget-container\">\n\t\t\t<h2 class=\"elementor-heading-title elementor-size-default\">Educadora<\/h2>\t\t<\/div>\n\t\t\t\t<\/div>\n\t\t\t\t<div class=\"elementor-element elementor-element-65a9e868 elementor-widget elementor-widget-image\" data-id=\"65a9e868\" data-element_type=\"widget\" data-widget_type=\"image.default\">\n\t\t\t\t<div class=\"elementor-widget-container\">\n\t\t\t\t\t\t\t\t\t\t\t\t\t<img decoding=\"async\" width=\"341\" height=\"459\" src=\"https:\/\/jardininfantilonline.cl\/wp-content\/uploads\/2022\/03\/educadora-solange.png\" class=\"attachment-large size-large wp-image-22607\" alt=\"\" srcset=\"https:\/\/jardininfantilonline.cl\/wp-content\/uploads\/2022\/03\/educadora-solange.png 341w, https:\/\/jardininfantilonline.cl\/wp-content\/uploads\/2022\/03\/educadora-solange-223x300.png 223w\" sizes=\"(max-width: 341px) 100vw, 341px\" \/>\t\t\t\t\t\t\t\t\t\t\t\t\t<\/div>\n\t\t\t\t<\/div>\n\t\t\t\t\t<\/div>\n\t\t<\/div>\n\t\t\t\t\t<\/div>\n\t\t<\/section>\n\t\t\t\t\t<\/div>\n\t\t<\/div>\n\t\t\t\t\t<\/div>\n\t\t<\/section>\n\t\t\t\t<\/div>\n\t\t","protected":false},"excerpt":{"rendered":"<p>Curso de Lecto-Escritura Bienvenido a la Sala de Clases del Jard\u00edn Infantil Online, ahora ser\u00e1 re-dirigido fuera de la p\u00e1gina a la\u00a0aplicaci\u00f3n de\u00a0\u00a0Zoom.\u00a0 Tener Instalado\u00a0Zoom\u00a0en el dispositivo Tener los material de acuerdo a la planificaci\u00f3n de cada clase. El ID de acceso para la Sala Astronauta en zoom es: 894 4585 8722 El c\u00f3digo de [&hellip;]<\/p>\n","protected":false},"author":1,"featured_media":0,"parent":0,"menu_order":0,"comment_status":"closed","ping_status":"closed","template":"elementor_canvas","meta":{"footnotes":""},"class_list":["post-29686","page","type-page","status-publish","hentry"],"_links":{"self":[{"href":"https:\/\/jardininfantilonline.cl\/index.php\/wp-json\/wp\/v2\/pages\/29686","targetHints":{"allow":["GET"]}}],"collection":[{"href":"https:\/\/jardininfantilonline.cl\/index.php\/wp-json\/wp\/v2\/pages"}],"about":[{"href":"https:\/\/jardininfantilonline.cl\/index.php\/wp-json\/wp\/v2\/types\/page"}],"author":[{"embeddable":true,"href":"https:\/\/jardininfantilonline.cl\/index.php\/wp-json\/wp\/v2\/users\/1"}],"replies":[{"embeddable":true,"href":"https:\/\/jardininfantilonline.cl\/index.php\/wp-json\/wp\/v2\/comments?post=29686"}],"version-history":[{"count":13,"href":"https:\/\/jardininfantilonline.cl\/index.php\/wp-json\/wp\/v2\/pages\/29686\/revisions"}],"predecessor-version":[{"id":29984,"href":"https:\/\/jardininfantilonline.cl\/index.php\/wp-json\/wp\/v2\/pages\/29686\/revisions\/29984"}],"wp:attachment":[{"href":"https:\/\/jardininfantilonline.cl\/index.php\/wp-json\/wp\/v2\/media?parent=29686"}],"curies":[{"name":"wp","href":"https:\/\/api.w.org\/{rel}","templated":true}]}}