{"id":27925,"date":"2023-04-17T18:21:30","date_gmt":"2023-04-17T22:21:30","guid":{"rendered":"https:\/\/jardininfantilonline.cl\/?page_id=27925"},"modified":"2023-04-17T18:27:30","modified_gmt":"2023-04-17T22:27:30","slug":"planificaciones-antiguas","status":"publish","type":"page","link":"https:\/\/jardininfantilonline.cl\/index.php\/planificaciones-antiguas\/","title":{"rendered":"Planificaciones Antiguas"},"content":{"rendered":"\t\t<div data-elementor-type=\"wp-page\" data-elementor-id=\"27925\" class=\"elementor elementor-27925\" data-elementor-post-type=\"page\">\n\t\t\t\t\t\t<section class=\"elementor-section elementor-top-section elementor-element elementor-element-d1ce05f elementor-section-boxed elementor-section-height-default elementor-section-height-default\" data-id=\"d1ce05f\" data-element_type=\"section\">\n\t\t\t\t\t\t<div class=\"elementor-container elementor-column-gap-default\">\n\t\t\t\t\t<div class=\"elementor-column elementor-col-100 elementor-top-column elementor-element elementor-element-8c8e6fe\" data-id=\"8c8e6fe\" data-element_type=\"column\">\n\t\t\t<div class=\"elementor-widget-wrap elementor-element-populated\">\n\t\t\t\t\t\t<section class=\"elementor-section elementor-inner-section elementor-element elementor-element-ef90636 elementor-section-boxed elementor-section-height-default elementor-section-height-default\" data-id=\"ef90636\" data-element_type=\"section\">\n\t\t\t\t\t\t<div class=\"elementor-container elementor-column-gap-default\">\n\t\t\t\t\t<div class=\"elementor-column elementor-col-50 elementor-inner-column elementor-element elementor-element-985fc7f\" data-id=\"985fc7f\" data-element_type=\"column\">\n\t\t\t<div class=\"elementor-widget-wrap elementor-element-populated\">\n\t\t\t\t\t\t<div class=\"elementor-element elementor-element-129b9f0 elementor-widget elementor-widget-heading\" data-id=\"129b9f0\" data-element_type=\"widget\" data-widget_type=\"heading.default\">\n\t\t\t\t<div class=\"elementor-widget-container\">\n\t\t\t<h2 class=\"elementor-heading-title elementor-size-default\">Lecto-Escritura<\/h2>\t\t<\/div>\n\t\t\t\t<\/div>\n\t\t\t\t<div class=\"elementor-element elementor-element-f22e3ea elementor-widget elementor-widget-text-editor\" data-id=\"f22e3ea\" data-element_type=\"widget\" data-widget_type=\"text-editor.default\">\n\t\t\t\t<div class=\"elementor-widget-container\">\n\t\t\t\t\t\t\t<p><a href=\"https:\/\/jardininfantilonline.cl\/wp-content\/uploads\/2022\/11\/Cactus-NOS-VEMOS-PRONTO-Viernes-02-de-diciembre-2022.pdf\">Cactus- NOS VEMOS PRONTO!- Viernes 02 de diciembre 2022<\/a><\/p><p><a href=\"https:\/\/jardininfantilonline.cl\/wp-content\/uploads\/2022\/11\/Cactus-LA-PESCA-VELOZ-Miercoles-30-de-noviembre-2022.pdf\">Cactus- LA PESCA VELOZ- Mi\u00e9rcoles 30 de noviembre 2022<\/a><\/p><p><a href=\"https:\/\/jardininfantilonline.cl\/wp-content\/uploads\/2022\/11\/Cactus-ABECEDARIO-COMESTIBLE-Lunes-28-de-noviembre-2022.pdf\">Cactus- ABECEDARIO COMESTIBLE- Lunes 28 de noviembre 2022<\/a><\/p><p><a href=\"https:\/\/jardininfantilonline.cl\/wp-content\/uploads\/2022\/11\/Cactus-REFUERZO-DE-CIRCO-Miercoles-23-de-noviembre-2022.pdf\">Cactus- REFUERZO DE CIRCO- Mi\u00e9rcoles 23 de noviembre 2022<\/a><\/p><p><a href=\"https:\/\/jardininfantilonline.cl\/wp-content\/uploads\/2022\/11\/Cactus-PALOMITAS-DE-MAIZ-Lunes-21-de-noviembre-2022.pdf\">Cactus- PALOMITAS DE MA\u00cdZ- Lunes 21 de noviembre 2022<\/a><\/p><p><a href=\"https:\/\/jardininfantilonline.cl\/wp-content\/uploads\/2022\/11\/Cactus-HELADOS-DIVERTIDOS-Viernes-25-de-noviembre-2022.pdf\">Cactus- HELADOS DIVERTIDOS- Viernes 25 de noviembre 2022<\/a><\/p><p><a href=\"https:\/\/jardininfantilonline.cl\/wp-content\/uploads\/2022\/11\/Cactus-LA-Q-Y-SUS-AMIGAS-VOCALES-Miercoles-16-de-noviembre-2022.pdf\">Cactus-LA Q Y SUS AMIGAS VOCALES- Mi\u00e9rcoles 16 de noviembre 2022<\/a><\/p><p><a href=\"https:\/\/jardininfantilonline.cl\/wp-content\/uploads\/2022\/11\/Cactus-CONOZCAN-NUESTROS-DERECHOS-Viernes-18-de-noviembre-2022.pdf\">Cactus-CONOZCAN NUESTROS DERECHOS- Viernes 18 de noviembre 2022<\/a><\/p><p><a href=\"https:\/\/jardininfantilonline.cl\/wp-content\/uploads\/2022\/11\/Cactus-CONCURSO-DE-CHISTES-Lunes-14-de-noviembre-2022.pdf\">Cactus- CONCURSO DE CHISTES- Lunes 14 de noviembre 2022<\/a><\/p><p><a href=\"https:\/\/jardininfantilonline.cl\/wp-content\/uploads\/2022\/11\/Cactus-CONEJITO-SALTARIN-Lunes-07-de-noviembre-2022.pdf\">Cactus- CONEJITO SALTAR\u00cdN- Lunes 07 de noviembre 2022<\/a><\/p><p><a href=\"https:\/\/jardininfantilonline.cl\/wp-content\/uploads\/2022\/11\/Cactus-REFORZANDO-CONSONANTE-C-Viernes-11-de-noviembre-2022.pdf\">Cactus &#8211; REFORZANDO CONSONANTE C- Viernes 11 de noviembre 2022<\/a><\/p><p><a href=\"https:\/\/jardininfantilonline.cl\/wp-content\/uploads\/2022\/11\/Cactus-LA-CERDITA-CECI-Miercoles-09-de-noviembre-2022.pdf\">Cactus &#8211; LA CERDITA CECI- Mi\u00e9rcoles 09 de noviembre 2022<\/a><\/p><p><a href=\"https:\/\/jardininfantilonline.cl\/wp-content\/uploads\/2022\/10\/Cactus-LOS-SONIDOS-DE-LA-LETRA-G-Viernes-04-de-noviembre-2022.pdf\">Cactus- LOS SONIDOS DE LA LETRA G &#8211; Viernes 04 de noviembre 2022<\/a><\/p><p><a href=\"https:\/\/jardininfantilonline.cl\/wp-content\/uploads\/2022\/10\/Cactus-MIAU-CLASE-Miercoles-02-de-noviembre-2022.pdf\">Cactus- MIAU CLASE- Mi\u00e9rcoles 02 de noviembre 2022<\/a><\/p><p><a href=\"https:\/\/jardininfantilonline.cl\/wp-content\/uploads\/2022\/10\/Cactus-SIGNOS-DE-PUNTUACION-Lunes-24-de-octubre-2022.pdf\">Cactus-SIGNOS DE PUNTUACI\u00d3N- Lunes 24 de octubre 2022<\/a><\/p><p><a href=\"https:\/\/jardininfantilonline.cl\/wp-content\/uploads\/2022\/10\/Cactus-INVESTIGO-MI-CONSONANTE-Viernes-28-de-octubre-2022.pdf\">Cactus- INVESTIGO MI CONSONANTE- Viernes 28 de octubre 2022<\/a><\/p><p><a href=\"https:\/\/jardininfantilonline.cl\/wp-content\/uploads\/2022\/10\/Cactus-ATENCION-LECTORES-AS-Miercoles-26-de-octubre-2022.pdf\">Cactus- ATENCI\u00d3N LECTORES-AS- Mi\u00e9rcoles 26 de octubre 2022<\/a><\/p><p><a href=\"https:\/\/jardininfantilonline.cl\/wp-content\/uploads\/2022\/10\/Cactus-TIRA-EL-DADO-Y-LEE-Viernes-21-de-octubre-2022.pdf\">Cactus-TIRA EL DADO Y LEE!- Viernes 21 de octubre 2022<\/a><\/p><p><a href=\"https:\/\/jardininfantilonline.cl\/wp-content\/uploads\/2022\/10\/Cactus-DINO-REFUERZO-Lunes-17-de-octubre-2022.pdf\">Cactus- DINO-REFUERZO- Lunes 17 de octubre 2022<\/a><\/p><p><a href=\"https:\/\/jardininfantilonline.cl\/wp-content\/uploads\/2022\/10\/Cactus-CONSONANTES-NATURALES-Miercoles-19-de-octubre-2022.pdf\">Cactus- CONSONANTES NATURALES- Mi\u00e9rcoles 19 de octubre 2022<\/a><\/p><p><a href=\"https:\/\/jardininfantilonline.cl\/wp-content\/uploads\/2022\/10\/Cactus-PASOS-DE-DINO-viernes-14-de-octubre-2022.pdf\">Cactus-PASOS DE DINO- viernes 14 de octubre 2022<\/a><\/p><p><a href=\"https:\/\/jardininfantilonline.cl\/wp-content\/uploads\/2022\/10\/Cactus-BIENVENIDOS-DINOSAURIOS-Miercoles-12-de-octubre-2022.pdf\">Cactus-BIENVENIDOS DINOSAURIOS- Mi\u00e9rcoles 12 de octubre 2022<\/a><\/p><p><a href=\"https:\/\/jardininfantilonline.cl\/wp-content\/uploads\/2022\/10\/Cactus-SOY-UN-ROBOT-Lunes-03-de-octubre-2022.pdf\">Cactus- SOY UN ROBOT- Lunes 03 de octubre 2022<\/a><\/p><p><a href=\"https:\/\/jardininfantilonline.cl\/wp-content\/uploads\/2022\/10\/Cactus-LECTORES-VELOCES-Miercoles-05-de-octubre-2022.pdf\">Cactus- LECTORES VELOCES- Mi\u00e9rcoles 05 de octubre 2022<\/a><\/p><p><a href=\"https:\/\/jardininfantilonline.cl\/wp-content\/uploads\/2022\/10\/Cactus-DICTADO-DIVERTIDO-Viernes-05-de-octubre-2022.pdf\">Cactus- DICTADO DIVERTIDO- Viernes 05 de octubre 2022<\/a><\/p><p><a href=\"https:\/\/jardininfantilonline.cl\/wp-content\/uploads\/2022\/09\/Cactus-SOY-UN-ROBOT-Viernes-30-de-septiembre-2022.pdf\">Cactus- SOY UN ROBOT- Viernes 30 de septiembre 2022<\/a><\/p><p><a href=\"https:\/\/jardininfantilonline.cl\/wp-content\/uploads\/2022\/09\/Cactus-RATONCITOS-Y-RATONCITAS-Lunes-26-de-septiembre-2022.pdf\">Cactus- RATONCITOS Y RATONCITAS -Lunes 26 de septiembre 2022<\/a><\/p><p><a href=\"https:\/\/jardininfantilonline.cl\/wp-content\/uploads\/2022\/09\/Cactus-R-SUAVE-Y-R-FUERTE-Miercoles-28-de-septiembre-2022.pdf\">Cactus- R SUAVE Y R FUERTE- Mi\u00e9rcoles 28 de septiembre 2022<\/a><\/p><p><a href=\"https:\/\/jardininfantilonline.cl\/wp-content\/uploads\/2022\/09\/Cactus-AMIGO-A-LAPIZ-Miercoles-21-de-septiembre-2022.pdf\">Cactus- AMIGO-A L\u00c1PIZ- Mi\u00e9rcoles 21 de septiembre 2022<\/a><\/p><p><a href=\"https:\/\/jardininfantilonline.cl\/wp-content\/uploads\/2022\/09\/Cactus-ACTO-FIESTAS-PATRIAS-Viernes-23-de-septiembre-2022.pdf\">Cactus- ACTO FIESTAS PATRIAS- Viernes 23 de septiembre 2022<\/a><\/p><p><a href=\"https:\/\/jardininfantilonline.cl\/wp-content\/uploads\/2022\/09\/Cactus-MI-PICTOGRAMA-CHILENO-Miercoles-14-de-septiembre-2022.pdf\">Cactus- MI PICTOGRAMA CHILENO- Mi\u00e9rcoles 14 de septiembre 2022<\/a><\/p><p><a href=\"https:\/\/jardininfantilonline.cl\/wp-content\/uploads\/2022\/09\/Cactus-CONSONANTES-AL-RITMO-MUSICAL-Lunes-12-de-septiembre-2022.pdf\">Cactus- CONSONANTES AL RITMO MUSICAL- Lunes 12 de septiembre 2022<\/a><\/p><p><a href=\"https:\/\/jardininfantilonline.cl\/wp-content\/uploads\/2022\/09\/Cactus-RELLENO-DE-NARANJAS-Lunes-05-de-septiembre-2022.pdf\">Cactus- RELLENO DE NARANJAS- Lunes 05 de septiembre 2022<\/a><\/p><p><a href=\"https:\/\/jardininfantilonline.cl\/wp-content\/uploads\/2022\/09\/Cactus-NUBES-EN-EL-CIELO-viernes-09-de-septiembre-2022.pdf\">Cactus- NUBES EN EL CIELO- viernes 09 de septiembre 2022<\/a> <a href=\"https:\/\/jardininfantilonline.cl\/wp-content\/uploads\/2022\/09\/Cactus-NARANJITA-LECTORA-Miercoles-07-de-septiembre-2022.pdf\">Cactus- NARANJITA LECTORA- Mi\u00e9rcoles 07 de septiembre 2022<\/a> <a href=\"https:\/\/jardininfantilonline.cl\/wp-content\/uploads\/2022\/08\/Cactus-YO-DIGO-BINGO-Miercoles-31-de-agosto-2022.pdf\">Cactus- YO DIGO BINGO!- Mi\u00e9rcoles 31 de agosto 2022<\/a> <a href=\"https:\/\/jardininfantilonline.cl\/wp-content\/uploads\/2022\/08\/Cactus-PESCA-DE-CONSONANTES-Lunes-29-de-agosto-2022.pdf\">Cactus- PESCA DE CONSONANTES- Lunes 29 de agosto 2022<\/a><\/p><p><a href=\"https:\/\/jardininfantilonline.cl\/wp-content\/uploads\/2022\/08\/Cactus-CIRCUITO-CONSONANTICO-Viernes-02-de-septiembre-2022.pdf\">Cactus- CIRCUITO CONSON\u00c1NTICO- Viernes 02 de septiembre 2022<\/a><\/p><p><a href=\"https:\/\/jardininfantilonline.cl\/wp-content\/uploads\/2022\/08\/Cactus-UGA-LA-TORTUGA-Viernes-26-de-agosto-2022.pdf\">Cactus- UGA LA TORTUGA- Viernes 26 de agosto 2022<\/a><\/p><p><a href=\"https:\/\/jardininfantilonline.cl\/wp-content\/uploads\/2022\/08\/Cactus-PRACTICO-MI-LECTURA-Miercoles-24-de-agosto-2022.pdf\">Cactus- PRACTICO MI LECTURA- Mi\u00e9rcoles 24 de agosto 2022<\/a><\/p><p><a href=\"https:\/\/jardininfantilonline.cl\/wp-content\/uploads\/2022\/08\/Cactus-LAS-RAYAS-DEL-TIGRE-Lunes-22-de-agosto-2022.pdf\">Cactus- LAS RAYAS DEL TIGRE- Lunes 22 de agosto 2022<\/a><\/p><p><a href=\"https:\/\/jardininfantilonline.cl\/wp-content\/uploads\/2022\/08\/Cactus-FLORES-DIFERENTES-Viernes-19-de-agosto-2022.pdf\">Cactus- FLORES DIFERENTES -Viernes 19 de agosto 2022<\/a><\/p><p><a href=\"https:\/\/jardininfantilonline.cl\/wp-content\/uploads\/2022\/08\/Cactus-EL-FANTASMA-FELIZ-Miercoles-17-de-agosto-2022.pdf\">Cactus- EL FANTASMA FELIZ- Mi\u00e9rcoles 17 de agosto 2022<\/a><\/p><p><a href=\"https:\/\/jardininfantilonline.cl\/wp-content\/uploads\/2022\/08\/Sala-Cactus-Viernes-12-de-Agosto.pdf\">Sala Cactus, Viernes 12 de Agosto<\/a> <a href=\"https:\/\/jardininfantilonline.cl\/wp-content\/uploads\/2022\/08\/Sala-Cactus-Miercoles-10-de-Agosto.pdf\">Sala Cactus, Mi\u00e9rcoles 10 de Agosto<\/a> <a href=\"https:\/\/jardininfantilonline.cl\/wp-content\/uploads\/2022\/08\/Sala-Cactus-Lunes-08-de-Agosto.pdf\">Sala Cactus, Lunes 08 de Agosto<\/a><\/p><p><a href=\"https:\/\/jardininfantilonline.cl\/wp-content\/uploads\/2022\/07\/Cactus-MI-CUENTO-FAVORITO-Lunes-25-de-julio-2022.pdf\">Cactus- MI CUENTO FAVORITO- Lunes 25 de julio 2022<\/a><\/p><p><a href=\"https:\/\/jardininfantilonline.cl\/wp-content\/uploads\/2022\/07\/Cactus-EL-ABECEDARIO-Viernes-29-de-julio-2022.pdf\">Cactus- EL ABECEDARIO- Viernes 29 de julio 2022<\/a><\/p><p><a href=\"https:\/\/jardininfantilonline.cl\/wp-content\/uploads\/2022\/07\/Cactus-CIENTIFICOS-DE-LETRAS-Miercoles-27-de-julio-2022.pdf\">Cactus- CIENT\u00cdFICOS DE LETRAS- Mi\u00e9rcoles 27 de julio 2022<\/a> <a href=\"https:\/\/jardininfantilonline.cl\/wp-content\/uploads\/2022\/07\/Cactus-SAMI-LA-SERPIENTE-Lunes-18-de-julio-2022.pdf\">Cactus- SAMI LA SERPIENTE &#8211; Lunes 18 de julio 2022<\/a> <a href=\"https:\/\/jardininfantilonline.cl\/wp-content\/uploads\/2022\/07\/Cactus-RAYITOS-DE-SOL-Viernes-22-de-julio-2022.pdf\">Cactus- RAYITOS DE SOL- Viernes 22 de julio 2022<\/a> <a href=\"https:\/\/jardininfantilonline.cl\/wp-content\/uploads\/2022\/07\/Cactus-EL-OSO-SOSO-Miercoles-20-de-julio-2022.pdf\">Cactus- EL OSO SOSO- Mi\u00e9rcoles 20 de julio 2022<\/a> <a href=\"https:\/\/jardininfantilonline.cl\/wp-content\/uploads\/2022\/07\/CACTUS-FICHA-DE-REFUERZO-Semana-del-11-al-15-de-julio-2022.pdf\">CACTUS- FICHA DE REFUERZO- Semana del 11 al 15 de julio 2022<\/a> <a href=\"https:\/\/jardininfantilonline.cl\/wp-content\/uploads\/2022\/06\/Cactus-PINGU-TIENE-HAMBRE-Viernes-08-de-julio-2022.pdf\">Cactus- PINGU TIENE HAMBRE! -Viernes 08 de julio 2022<\/a> <a href=\"https:\/\/jardininfantilonline.cl\/wp-content\/uploads\/2022\/06\/Cactus-PA-PE-PI-PO-PU-Miercoles-06-de-julio-2022.pdf\">Cactus- PA, PE, PI, PO, PU -Mi\u00e9rcoles 06 de julio 2022<\/a> <a href=\"https:\/\/jardininfantilonline.cl\/wp-content\/uploads\/2022\/06\/Cactus-EL-TESORO-PERDIDO-Lunes-04-de-julio-2022.pdf\">Cactus- EL TESORO PERDIDO -Lunes 04 de julio 2022<\/a> <a href=\"https:\/\/jardininfantilonline.cl\/wp-content\/uploads\/2022\/06\/Cactus-AVIONCITOS-DE-PAPEL-Viernes-01-de-julio-2022.pdf\">Cactus- AVIONCITOS DE PAPEL-Viernes 01 de julio 2022<\/a> <a href=\"https:\/\/jardininfantilonline.cl\/wp-content\/uploads\/2022\/06\/Cactus-CONOCEMOS-EL-NEXO-Y-Miercoles-29-de-junio-2022.pdf\">Cactus- CONOCEMOS EL NEXO Y &#8211; Mi\u00e9rcoles 29 de junio 2022<\/a> <a href=\"https:\/\/jardininfantilonline.cl\/wp-content\/uploads\/2022\/06\/Cactus-LOS-INVESTIGADORES-Miercoles-22-de-junio-2022.pdf\">Cactus- LOS INVESTIGADORES -Mi\u00e9rcoles 22 de junio 2022<\/a> <a href=\"https:\/\/jardininfantilonline.cl\/wp-content\/uploads\/2022\/06\/Cactus-DONDE-ESTA-MI-HUEVO-FRITO-Lunes-20-de-junio-2022.pdf\">Cactus- D\u00d3NDE EST\u00c1 MI HUEVO FRITO- Lunes 20 de junio 2022<\/a> <a href=\"https:\/\/jardininfantilonline.cl\/wp-content\/uploads\/2022\/06\/Cactus-DICTADO-DIVERTIDO-Viernes-24-de-junio-2022.pdf\">Cactus- DICTADO DIVERTIDO- Viernes 24 de junio 2022<\/a> <a href=\"https:\/\/jardininfantilonline.cl\/wp-content\/uploads\/2022\/06\/Cactus-LA-LETRA-L-Y-SUS-AMIGAS-Miercoles-15-de-junio-2022.pdf\">Cactus- LA LETRA L Y SUS AMIGAS -Mi\u00e9rcoles 15 de junio 2022<\/a> <a href=\"https:\/\/jardininfantilonline.cl\/wp-content\/uploads\/2022\/06\/Cactus-L-DE-LUNA-Viernes-17-de-junio-2022.pdf\">Cactus- L DE LUNA- Viernes 17 de junio 2022<\/a> <a href=\"https:\/\/jardininfantilonline.cl\/wp-content\/uploads\/2022\/06\/Cactus-EL-LEON-LECTOR-Lunes-13-de-junio-2022.pdf\">Cactus- EL LE\u00d3N LECTOR- Lunes 13 de junio 2022<\/a> <a href=\"https:\/\/jardininfantilonline.cl\/wp-content\/uploads\/2022\/06\/Cactus-MI-MAMA-ME-MIMA-Miercoles-08-de-junio-2022.pdf\">Cactus- MI MAM\u00c1 ME MIMA- Mi\u00e9rcoles 08 de junio 2022<\/a> <a href=\"https:\/\/jardininfantilonline.cl\/wp-content\/uploads\/2022\/06\/Cactus-MANZANAS-DIVERTIDAS-Viernes-10-de-junio-2022.pdf\">Cactus- MANZANAS DIVERTIDAS -Viernes 10 de junio 2022<\/a> <a href=\"https:\/\/jardininfantilonline.cl\/wp-content\/uploads\/2022\/06\/Cactus-ARTISTAS-DE-LA-LETRA-M-Lunes-06-de-junio-2022.pdf\">Cactus- ARTISTAS DE LA LETRA M- Lunes 06 de junio 2022<\/a> <a href=\"https:\/\/jardininfantilonline.cl\/wp-content\/uploads\/2022\/05\/Cactus-SONIDOS-VOCALICOS-Lunes-30-de-mayo-2022.pdf\">Cactus- SONIDOS VOC\u00c1LICOS- Lunes 30 de mayo 2022<\/a> <a href=\"https:\/\/jardininfantilonline.cl\/wp-content\/uploads\/2022\/05\/Cactus-POSTURA-Y-UBICACION-Miercoles-01-de-junio-2022.pdf\">Cactus- POSTURA Y UBICACI\u00d3N- Mi\u00e9rcoles 01 de junio 2022<\/a> <a href=\"https:\/\/jardininfantilonline.cl\/wp-content\/uploads\/2022\/05\/Cactus-M-DE-MONITO-Viernes-03-de-mayo-2022.pdf\">Cactus- M DE MONITO &#8211; Viernes 03 de mayo 2022<\/a><\/p><p><a href=\"https:\/\/jardininfantilonline.cl\/wp-content\/uploads\/2022\/05\/Cactus-HOLA-VOCALES-Lunes-23-de-mayo-2022.pdf\">Cactus- HOLA VOCALES- Lunes 23 de mayo 2022<\/a><\/p><p><a href=\"https:\/\/jardininfantilonline.cl\/wp-content\/uploads\/2022\/05\/Cactus-BUSCANDO-VOCALES-Miercoles-25-de-mayo-2022.pdf\">Cactus- BUSCANDO VOCALES -Mi\u00e9rcoles 25 de mayo 2022<\/a> <a href=\"https:\/\/jardininfantilonline.cl\/wp-content\/uploads\/2022\/05\/Cactus-PROBAMOS-LAS-VOCALES-Viernes-27-de-mayo-2022.pdf\">Cactus- PROBAMOS LAS VOCALES -Viernes 27 de mayo 2022<\/a> <a href=\"https:\/\/jardininfantilonline.cl\/wp-content\/uploads\/2022\/05\/Cactus-RIMANDO-VOY-Miercoles-18-de-mayo-2022.pdf\">Cactus- RIMANDO VOY- Mi\u00e9rcoles 18 de mayo 2022<\/a> <a href=\"https:\/\/jardininfantilonline.cl\/wp-content\/uploads\/2022\/05\/Cactus-MERMELADA-DE-SILABAS-lunes-16-de-mayo-2022.pdf\">Cactus- MERMELADA DE S\u00cdLABAS- lunes 16 de mayo 2022<\/a> <a href=\"https:\/\/jardininfantilonline.cl\/wp-content\/uploads\/2022\/05\/Cactus-\u00bfEN-QUE-DIRECCION-VA-Viernes-20-de-mayo-2022.pdf\">Cactus- \u00bfEN QU\u00c9 DIRECCI\u00d3N VA &#8211; Viernes 20 de mayo 2022<\/a> <a href=\"https:\/\/jardininfantilonline.cl\/wp-content\/uploads\/2022\/05\/Cactus-ESCUCHA-MUY-BIEN-Viernes-13-de-mayo-2022.pdf\">Cactus- ESCUCHA MUY BIEN- Viernes 13 de mayo 2022<\/a> <a href=\"https:\/\/jardininfantilonline.cl\/wp-content\/uploads\/2022\/05\/Cactus-CLAP-CLAP-Miercoles-11-de-mayo-2022.pdf\">Cactus- CLAP-CLAP -Mi\u00e9rcoles 11 de mayo 2022<\/a> <a href=\"https:\/\/jardininfantilonline.cl\/wp-content\/uploads\/2022\/05\/Cactus-\u00a1MANOS-A-LA-OBRA-Lunes-09-de-mayo-2022.pdf\">Cactus- \u00a1MANOS A LA OBRA! -Lunes 09 de mayo 2022<\/a> <a href=\"https:\/\/jardininfantilonline.cl\/wp-content\/uploads\/2022\/04\/Cactus-DINO-PUZLE-viernes-06-de-mayo-2022.pdf\">Cactus- DINO-PUZLE- viernes 06 de mayo 2022<\/a> <a href=\"https:\/\/jardininfantilonline.cl\/wp-content\/uploads\/2022\/04\/Cactus-COLORIN-CARACOL-miercoles-04-de-mayo-2022.pdf\">Cactus- COLOR\u00cdN CARACOL- mi\u00e9rcoles 04 de mayo 2022<\/a> <a href=\"https:\/\/jardininfantilonline.cl\/wp-content\/uploads\/2022\/04\/Cactus-\u00a1VAMOS-A-COMENZAR-Lunes-02-de-mayo-2022.pdf\">Cactus- \u00a1VAMOS A COMENZAR!- Lunes 02 de mayo 2022<\/a><\/p>\t\t\t\t\t\t<\/div>\n\t\t\t\t<\/div>\n\t\t\t\t\t<\/div>\n\t\t<\/div>\n\t\t\t\t<div class=\"elementor-column elementor-col-50 elementor-inner-column elementor-element elementor-element-634eee2\" data-id=\"634eee2\" data-element_type=\"column\">\n\t\t\t<div class=\"elementor-widget-wrap elementor-element-populated\">\n\t\t\t\t\t\t<div class=\"elementor-element elementor-element-a2696a5 elementor-widget elementor-widget-heading\" data-id=\"a2696a5\" data-element_type=\"widget\" data-widget_type=\"heading.default\">\n\t\t\t\t<div class=\"elementor-widget-container\">\n\t\t\t<h2 class=\"elementor-heading-title elementor-size-default\">Ingl\u00e9s<\/h2>\t\t<\/div>\n\t\t\t\t<\/div>\n\t\t\t\t\t<\/div>\n\t\t<\/div>\n\t\t\t\t\t<\/div>\n\t\t<\/section>\n\t\t\t\t\t<\/div>\n\t\t<\/div>\n\t\t\t\t\t<\/div>\n\t\t<\/section>\n\t\t\t\t<\/div>\n\t\t","protected":false},"excerpt":{"rendered":"<p>Lecto-Escritura Cactus- NOS VEMOS PRONTO!- Viernes 02 de diciembre 2022 Cactus- LA PESCA VELOZ- Mi\u00e9rcoles 30 de noviembre 2022 Cactus- ABECEDARIO COMESTIBLE- Lunes 28 de noviembre 2022 Cactus- REFUERZO DE CIRCO- Mi\u00e9rcoles 23 de noviembre 2022 Cactus- PALOMITAS DE MA\u00cdZ- Lunes 21 de noviembre 2022 Cactus- HELADOS DIVERTIDOS- Viernes 25 de noviembre 2022 Cactus-LA Q [&hellip;]<\/p>\n","protected":false},"author":1,"featured_media":0,"parent":0,"menu_order":0,"comment_status":"closed","ping_status":"closed","template":"","meta":{"footnotes":""},"class_list":["post-27925","page","type-page","status-publish","hentry"],"_links":{"self":[{"href":"https:\/\/jardininfantilonline.cl\/index.php\/wp-json\/wp\/v2\/pages\/27925","targetHints":{"allow":["GET"]}}],"collection":[{"href":"https:\/\/jardininfantilonline.cl\/index.php\/wp-json\/wp\/v2\/pages"}],"about":[{"href":"https:\/\/jardininfantilonline.cl\/index.php\/wp-json\/wp\/v2\/types\/page"}],"author":[{"embeddable":true,"href":"https:\/\/jardininfantilonline.cl\/index.php\/wp-json\/wp\/v2\/users\/1"}],"replies":[{"embeddable":true,"href":"https:\/\/jardininfantilonline.cl\/index.php\/wp-json\/wp\/v2\/comments?post=27925"}],"version-history":[{"count":4,"href":"https:\/\/jardininfantilonline.cl\/index.php\/wp-json\/wp\/v2\/pages\/27925\/revisions"}],"predecessor-version":[{"id":27929,"href":"https:\/\/jardininfantilonline.cl\/index.php\/wp-json\/wp\/v2\/pages\/27925\/revisions\/27929"}],"wp:attachment":[{"href":"https:\/\/jardininfantilonline.cl\/index.php\/wp-json\/wp\/v2\/media?parent=27925"}],"curies":[{"name":"wp","href":"https:\/\/api.w.org\/{rel}","templated":true}]}}