{"id":23522,"date":"2022-05-03T16:17:44","date_gmt":"2022-05-03T20:17:44","guid":{"rendered":"https:\/\/jardininfantilonline.cl\/?page_id=23522"},"modified":"2022-05-31T09:32:02","modified_gmt":"2022-05-31T13:32:02","slug":"inscripcion-curso-musica","status":"publish","type":"page","link":"https:\/\/jardininfantilonline.cl\/index.php\/inscripcion-curso-musica\/","title":{"rendered":"Inscripci\u00f3n Curso M\u00fasica"},"content":{"rendered":"\t\t<div data-elementor-type=\"wp-page\" data-elementor-id=\"23522\" class=\"elementor elementor-23522\" data-elementor-post-type=\"page\">\n\t\t\t\t\t\t<section class=\"elementor-section elementor-top-section elementor-element elementor-element-68605b2 elementor-section-stretched elementor-section-boxed elementor-section-height-default elementor-section-height-default\" data-id=\"68605b2\" data-element_type=\"section\" data-settings=\"{&quot;stretch_section&quot;:&quot;section-stretched&quot;}\">\n\t\t\t\t\t\t<div class=\"elementor-container elementor-column-gap-extended\">\n\t\t\t\t\t<div class=\"elementor-column elementor-col-100 elementor-top-column elementor-element elementor-element-9c9f1a8\" data-id=\"9c9f1a8\" data-element_type=\"column\">\n\t\t\t<div class=\"elementor-widget-wrap elementor-element-populated\">\n\t\t\t\t\t\t<section class=\"elementor-section elementor-inner-section elementor-element elementor-element-eff59e3 elementor-section-boxed elementor-section-height-default elementor-section-height-default\" data-id=\"eff59e3\" data-element_type=\"section\">\n\t\t\t\t\t\t<div class=\"elementor-container elementor-column-gap-default\">\n\t\t\t\t\t<div class=\"elementor-column elementor-col-50 elementor-inner-column elementor-element elementor-element-8733ede\" data-id=\"8733ede\" data-element_type=\"column\">\n\t\t\t<div class=\"elementor-widget-wrap elementor-element-populated\">\n\t\t\t\t\t\t<div class=\"elementor-element elementor-element-a9c7fa4 elementor-widget elementor-widget-heading\" data-id=\"a9c7fa4\" data-element_type=\"widget\" data-widget_type=\"heading.default\">\n\t\t\t\t<div class=\"elementor-widget-container\">\n\t\t\t<h2 class=\"elementor-heading-title elementor-size-default\">Curso de M\u00fasica para infantes<\/h2>\t\t<\/div>\n\t\t\t\t<\/div>\n\t\t\t\t<div class=\"elementor-element elementor-element-f54abe1 elementor-widget elementor-widget-text-editor\" data-id=\"f54abe1\" data-element_type=\"widget\" data-widget_type=\"text-editor.default\">\n\t\t\t\t<div class=\"elementor-widget-container\">\n\t\t\t\t\t\t\t<div><p class=\"p1\">El curso busca introducir a los ni\u00f1os\/as entre 3 a 6 a\u00f1os al mundo de la m\u00fasica a trav\u00e9s de actividades con ritmos, melod\u00edas y juegos con diferentes instrumentos de percusi\u00f3n como las claves, el pandero, tambor, maracas, metalofono, etc. Evaluando el desarrollo de cada ni\u00f1o\/a clase a clase.<\/p><p class=\"p1\">El curso incluye:<\/p><\/div><ul><li>6 meses de clase , 2 veces por semana de Junio a Noviembre.<\/li><li>Planificaci\u00f3n detallada del curso m\u00fasicogramas, instrumentos y juegos.<\/li><li>Gu\u00edas de trabajo y actividades con instrumentos de percusi\u00f3n.<\/li><li>Ceremonia de cierre con certificado.<\/li><\/ul><div><p>Curso con cupos limitados: 18 alumnos.<br \/>Valor de Inscripci\u00f3n: $15.000<br \/>Valor mensualidad: $25.000<\/p><p>Plan sin L\u00edmites inscripci\u00f3n gratis y mensualidad rebajada $10.000 mensual<br \/>pagando el curso completo.<\/p><p><strong>Cursos disponibles<\/strong><\/p><p>Sala Melod\u00eda &#8211; Inicio Lunes 30 Mayo<br \/>Lunes y Viernes &#8211; 17:00 hrs (hora de Chile)<br \/>Imparte profesora de m\u00fasica: Olga Rico.<\/p><p>\u00a0<\/p><\/div>\t\t\t\t\t\t<\/div>\n\t\t\t\t<\/div>\n\t\t\t\t\t<\/div>\n\t\t<\/div>\n\t\t\t\t<div class=\"elementor-column elementor-col-50 elementor-inner-column elementor-element elementor-element-79eca82\" data-id=\"79eca82\" data-element_type=\"column\">\n\t\t\t<div class=\"elementor-widget-wrap elementor-element-populated\">\n\t\t\t\t\t\t<div class=\"elementor-element elementor-element-0780eb2 elementor-widget elementor-widget-image\" data-id=\"0780eb2\" data-element_type=\"widget\" data-widget_type=\"image.default\">\n\t\t\t\t<div class=\"elementor-widget-container\">\n\t\t\t\t\t\t\t\t\t\t\t\t\t<img fetchpriority=\"high\" decoding=\"async\" width=\"800\" height=\"800\" src=\"https:\/\/jardininfantilonline.cl\/wp-content\/uploads\/2022\/05\/curso-jio-musica2-1024x1024.png\" class=\"attachment-large size-large wp-image-23530\" alt=\"\" srcset=\"https:\/\/jardininfantilonline.cl\/wp-content\/uploads\/2022\/05\/curso-jio-musica2-1024x1024.png 1024w, https:\/\/jardininfantilonline.cl\/wp-content\/uploads\/2022\/05\/curso-jio-musica2-300x300.png 300w, https:\/\/jardininfantilonline.cl\/wp-content\/uploads\/2022\/05\/curso-jio-musica2-100x100.png 100w, https:\/\/jardininfantilonline.cl\/wp-content\/uploads\/2022\/05\/curso-jio-musica2-600x600.png 600w, https:\/\/jardininfantilonline.cl\/wp-content\/uploads\/2022\/05\/curso-jio-musica2-150x150.png 150w, https:\/\/jardininfantilonline.cl\/wp-content\/uploads\/2022\/05\/curso-jio-musica2-768x768.png 768w, https:\/\/jardininfantilonline.cl\/wp-content\/uploads\/2022\/05\/curso-jio-musica2.png 1200w\" sizes=\"(max-width: 800px) 100vw, 800px\" \/>\t\t\t\t\t\t\t\t\t\t\t\t\t<\/div>\n\t\t\t\t<\/div>\n\t\t\t\t<div class=\"elementor-element elementor-element-57d024a elementor-align-center elementor-widget elementor-widget-button\" data-id=\"57d024a\" data-element_type=\"widget\" data-widget_type=\"button.default\">\n\t\t\t\t<div class=\"elementor-widget-container\">\n\t\t\t\t\t<div class=\"elementor-button-wrapper\">\n\t\t\t<a class=\"elementor-button elementor-button-link elementor-size-sm\" href=\"https:\/\/jardininfantilonline.cl\/index.php\/2022\/05\/23\/solicitar-clase-gratis-curso-de-musica\/\">\n\t\t\t\t\t\t<span class=\"elementor-button-content-wrapper\">\n\t\t\t\t\t\t<span class=\"elementor-button-text\">Probar una clase gratis<\/span>\n\t\t<\/span>\n\t\t\t\t\t<\/a>\n\t\t<\/div>\n\t\t\t\t<\/div>\n\t\t\t\t<\/div>\n\t\t\t\t\t<\/div>\n\t\t<\/div>\n\t\t\t\t\t<\/div>\n\t\t<\/section>\n\t\t\t\t\t<\/div>\n\t\t<\/div>\n\t\t\t\t\t<\/div>\n\t\t<\/section>\n\t\t\t\t<section class=\"elementor-section elementor-top-section elementor-element elementor-element-ec47054 elementor-section-stretched elementor-section-boxed elementor-section-height-default elementor-section-height-default\" data-id=\"ec47054\" data-element_type=\"section\" data-settings=\"{&quot;stretch_section&quot;:&quot;section-stretched&quot;,&quot;background_background&quot;:&quot;classic&quot;}\">\n\t\t\t\t\t\t<div class=\"elementor-container elementor-column-gap-default\">\n\t\t\t\t\t<div class=\"elementor-column elementor-col-100 elementor-top-column elementor-element elementor-element-845e50a\" data-id=\"845e50a\" data-element_type=\"column\">\n\t\t\t<div class=\"elementor-widget-wrap elementor-element-populated\">\n\t\t\t\t\t\t<div class=\"elementor-element elementor-element-2992368 elementor-widget elementor-widget-heading\" data-id=\"2992368\" data-element_type=\"widget\" data-widget_type=\"heading.default\">\n\t\t\t\t<div class=\"elementor-widget-container\">\n\t\t\t<h2 class=\"elementor-heading-title elementor-size-default\">Formulario de Inscripci\u00f3n<\/h2>\t\t<\/div>\n\t\t\t\t<\/div>\n\t\t\t\t<div class=\"elementor-element elementor-element-8d525b8 elementor-widget elementor-widget-text-editor\" data-id=\"8d525b8\" data-element_type=\"widget\" data-widget_type=\"text-editor.default\">\n\t\t\t\t<div class=\"elementor-widget-container\">\n\t\t\t\t\t\t\t<p>Paso 1: Realice su Inscripci\u00f3n al Curso.<\/p>\t\t\t\t\t\t<\/div>\n\t\t\t\t<\/div>\n\t\t\t\t<div class=\"elementor-element elementor-element-90c60de elementor-widget elementor-widget-shortcode\" data-id=\"90c60de\" data-element_type=\"widget\" data-widget_type=\"shortcode.default\">\n\t\t\t\t<div class=\"elementor-widget-container\">\n\t\t\t\t\t<div class=\"elementor-shortcode\">[ninja_form id='12']<\/div>\n\t\t\t\t<\/div>\n\t\t\t\t<\/div>\n\t\t\t\t\t<\/div>\n\t\t<\/div>\n\t\t\t\t\t<\/div>\n\t\t<\/section>\n\t\t\t\t<\/div>\n\t\t","protected":false},"excerpt":{"rendered":"<p>Curso de M\u00fasica para infantes El curso busca introducir a los ni\u00f1os\/as entre 3 a 6 a\u00f1os al mundo de la m\u00fasica a trav\u00e9s de actividades con ritmos, melod\u00edas y juegos con diferentes instrumentos de percusi\u00f3n como las claves, el pandero, tambor, maracas, metalofono, etc. Evaluando el desarrollo de cada ni\u00f1o\/a clase a clase. El [&hellip;]<\/p>\n","protected":false},"author":1,"featured_media":0,"parent":0,"menu_order":0,"comment_status":"closed","ping_status":"closed","template":"elementor_theme","meta":{"footnotes":""},"class_list":["post-23522","page","type-page","status-publish","hentry"],"_links":{"self":[{"href":"https:\/\/jardininfantilonline.cl\/index.php\/wp-json\/wp\/v2\/pages\/23522","targetHints":{"allow":["GET"]}}],"collection":[{"href":"https:\/\/jardininfantilonline.cl\/index.php\/wp-json\/wp\/v2\/pages"}],"about":[{"href":"https:\/\/jardininfantilonline.cl\/index.php\/wp-json\/wp\/v2\/types\/page"}],"author":[{"embeddable":true,"href":"https:\/\/jardininfantilonline.cl\/index.php\/wp-json\/wp\/v2\/users\/1"}],"replies":[{"embeddable":true,"href":"https:\/\/jardininfantilonline.cl\/index.php\/wp-json\/wp\/v2\/comments?post=23522"}],"version-history":[{"count":6,"href":"https:\/\/jardininfantilonline.cl\/index.php\/wp-json\/wp\/v2\/pages\/23522\/revisions"}],"predecessor-version":[{"id":24113,"href":"https:\/\/jardininfantilonline.cl\/index.php\/wp-json\/wp\/v2\/pages\/23522\/revisions\/24113"}],"wp:attachment":[{"href":"https:\/\/jardininfantilonline.cl\/index.php\/wp-json\/wp\/v2\/media?parent=23522"}],"curies":[{"name":"wp","href":"https:\/\/api.w.org\/{rel}","templated":true}]}}