{"id":22649,"date":"2022-03-14T15:33:21","date_gmt":"2022-03-14T19:33:21","guid":{"rendered":"https:\/\/jardininfantilonline.cl\/?page_id=22649"},"modified":"2022-03-14T15:35:44","modified_gmt":"2022-03-14T19:35:44","slug":"cuadernillo-grafomotricidad","status":"publish","type":"page","link":"https:\/\/jardininfantilonline.cl\/index.php\/cuadernillo-grafomotricidad\/","title":{"rendered":"Cuadernillo Grafomotricidad"},"content":{"rendered":"\t\t<div data-elementor-type=\"wp-page\" data-elementor-id=\"22649\" class=\"elementor elementor-22649\" data-elementor-post-type=\"page\">\n\t\t\t\t\t\t<section class=\"elementor-section elementor-top-section elementor-element elementor-element-1086c5c elementor-section-boxed elementor-section-height-default elementor-section-height-default\" data-id=\"1086c5c\" data-element_type=\"section\">\n\t\t\t\t\t\t<div class=\"elementor-container elementor-column-gap-default\">\n\t\t\t\t\t<div class=\"elementor-column elementor-col-100 elementor-top-column elementor-element elementor-element-ecbe751\" data-id=\"ecbe751\" data-element_type=\"column\">\n\t\t\t<div class=\"elementor-widget-wrap elementor-element-populated\">\n\t\t\t\t\t\t<section class=\"elementor-section elementor-inner-section elementor-element elementor-element-aae6b8a elementor-section-boxed elementor-section-height-default elementor-section-height-default\" data-id=\"aae6b8a\" data-element_type=\"section\">\n\t\t\t\t\t\t<div class=\"elementor-container elementor-column-gap-default\">\n\t\t\t\t\t<div class=\"elementor-column elementor-col-50 elementor-inner-column elementor-element elementor-element-58bc783\" data-id=\"58bc783\" data-element_type=\"column\">\n\t\t\t<div class=\"elementor-widget-wrap elementor-element-populated\">\n\t\t\t\t\t\t<div class=\"elementor-element elementor-element-c6a3e66 elementor-widget elementor-widget-image\" data-id=\"c6a3e66\" data-element_type=\"widget\" data-widget_type=\"image.default\">\n\t\t\t\t<div class=\"elementor-widget-container\">\n\t\t\t\t\t\t\t\t\t\t\t\t\t<img fetchpriority=\"high\" decoding=\"async\" width=\"700\" height=\"700\" src=\"https:\/\/jardininfantilonline.cl\/wp-content\/uploads\/2022\/03\/libros-jio-grafo.png\" class=\"attachment-large size-large wp-image-22651\" alt=\"\" srcset=\"https:\/\/jardininfantilonline.cl\/wp-content\/uploads\/2022\/03\/libros-jio-grafo.png 700w, https:\/\/jardininfantilonline.cl\/wp-content\/uploads\/2022\/03\/libros-jio-grafo-300x300.png 300w, https:\/\/jardininfantilonline.cl\/wp-content\/uploads\/2022\/03\/libros-jio-grafo-100x100.png 100w, https:\/\/jardininfantilonline.cl\/wp-content\/uploads\/2022\/03\/libros-jio-grafo-600x600.png 600w, https:\/\/jardininfantilonline.cl\/wp-content\/uploads\/2022\/03\/libros-jio-grafo-150x150.png 150w\" sizes=\"(max-width: 700px) 100vw, 700px\" \/>\t\t\t\t\t\t\t\t\t\t\t\t\t<\/div>\n\t\t\t\t<\/div>\n\t\t\t\t\t<\/div>\n\t\t<\/div>\n\t\t\t\t<div class=\"elementor-column elementor-col-50 elementor-inner-column elementor-element elementor-element-ad0cbcb\" data-id=\"ad0cbcb\" data-element_type=\"column\">\n\t\t\t<div class=\"elementor-widget-wrap elementor-element-populated\">\n\t\t\t\t\t\t<div class=\"elementor-element elementor-element-c2e156f elementor-widget elementor-widget-text-editor\" data-id=\"c2e156f\" data-element_type=\"widget\" data-widget_type=\"text-editor.default\">\n\t\t\t\t<div class=\"elementor-widget-container\">\n\t\t\t\t\t\t\t<p>Libros de actividades desarrolladas por el jard\u00edn infantil online exclusivamente para sus alumnos, ideal para pr\u00e1ctica de habilidades motoras para imprimir.<\/p><p>El libro contiene m\u00e1s de 40 actividades de grafomotricidad:<br \/>\u2013 Actividades de trazos<br \/>\u2013 Actividades para colorear<br \/>\u2013 Actividades de juego tipo laberinto<br \/>\u2013 Actividades para rellenar<\/p><p>* El libro es un PDF\u2019s imprimibles exclusivo*<\/p>\t\t\t\t\t\t<\/div>\n\t\t\t\t<\/div>\n\t\t\t\t<div class=\"elementor-element elementor-element-3e30edb elementor-widget elementor-widget-button\" data-id=\"3e30edb\" data-element_type=\"widget\" data-widget_type=\"button.default\">\n\t\t\t\t<div class=\"elementor-widget-container\">\n\t\t\t\t\t<div class=\"elementor-button-wrapper\">\n\t\t\t<a class=\"elementor-button elementor-button-link elementor-size-sm\" href=\"https:\/\/jardininfantilonline.cl\/wp-content\/uploads\/2022\/03\/JIO-cuadernillo-grafomotricidad-2022.pdf\">\n\t\t\t\t\t\t<span class=\"elementor-button-content-wrapper\">\n\t\t\t\t\t\t<span class=\"elementor-button-icon elementor-align-icon-left\">\n\t\t\t\t<i aria-hidden=\"true\" class=\"fas fa-file-download\"><\/i>\t\t\t<\/span>\n\t\t\t\t\t\t<span class=\"elementor-button-text\">Descargar Cuadernillo<\/span>\n\t\t<\/span>\n\t\t\t\t\t<\/a>\n\t\t<\/div>\n\t\t\t\t<\/div>\n\t\t\t\t<\/div>\n\t\t\t\t\t<\/div>\n\t\t<\/div>\n\t\t\t\t\t<\/div>\n\t\t<\/section>\n\t\t\t\t\t<\/div>\n\t\t<\/div>\n\t\t\t\t\t<\/div>\n\t\t<\/section>\n\t\t\t\t<\/div>\n\t\t","protected":false},"excerpt":{"rendered":"<p>Libros de actividades desarrolladas por el jard\u00edn infantil online exclusivamente para sus alumnos, ideal para pr\u00e1ctica de habilidades motoras para imprimir. El libro contiene m\u00e1s de 40 actividades de grafomotricidad:\u2013 Actividades de trazos\u2013 Actividades para colorear\u2013 Actividades de juego tipo laberinto\u2013 Actividades para rellenar * El libro es un PDF\u2019s imprimibles exclusivo* Descargar Cuadernillo<\/p>\n","protected":false},"author":1,"featured_media":0,"parent":0,"menu_order":0,"comment_status":"closed","ping_status":"closed","template":"","meta":{"footnotes":""},"class_list":["post-22649","page","type-page","status-publish","hentry"],"_links":{"self":[{"href":"https:\/\/jardininfantilonline.cl\/index.php\/wp-json\/wp\/v2\/pages\/22649","targetHints":{"allow":["GET"]}}],"collection":[{"href":"https:\/\/jardininfantilonline.cl\/index.php\/wp-json\/wp\/v2\/pages"}],"about":[{"href":"https:\/\/jardininfantilonline.cl\/index.php\/wp-json\/wp\/v2\/types\/page"}],"author":[{"embeddable":true,"href":"https:\/\/jardininfantilonline.cl\/index.php\/wp-json\/wp\/v2\/users\/1"}],"replies":[{"embeddable":true,"href":"https:\/\/jardininfantilonline.cl\/index.php\/wp-json\/wp\/v2\/comments?post=22649"}],"version-history":[{"count":4,"href":"https:\/\/jardininfantilonline.cl\/index.php\/wp-json\/wp\/v2\/pages\/22649\/revisions"}],"predecessor-version":[{"id":22656,"href":"https:\/\/jardininfantilonline.cl\/index.php\/wp-json\/wp\/v2\/pages\/22649\/revisions\/22656"}],"wp:attachment":[{"href":"https:\/\/jardininfantilonline.cl\/index.php\/wp-json\/wp\/v2\/media?parent=22649"}],"curies":[{"name":"wp","href":"https:\/\/api.w.org\/{rel}","templated":true}]}}