{"id":11307,"date":"2021-03-29T15:21:06","date_gmt":"2021-03-29T18:21:06","guid":{"rendered":"https:\/\/jardininfantilonline.cl\/?page_id=11307"},"modified":"2022-10-24T18:29:29","modified_gmt":"2022-10-24T22:29:29","slug":"evento-plan-sin-limites","status":"publish","type":"page","link":"https:\/\/jardininfantilonline.cl\/index.php\/evento-plan-sin-limites\/","title":{"rendered":"Evento-Plan-Sin-L\u00edmites"},"content":{"rendered":"\t\t<div data-elementor-type=\"wp-page\" data-elementor-id=\"11307\" class=\"elementor elementor-11307\" data-elementor-post-type=\"page\">\n\t\t\t\t\t\t<section class=\"elementor-section elementor-top-section elementor-element elementor-element-1086c5c elementor-section-boxed elementor-section-height-default elementor-section-height-default\" data-id=\"1086c5c\" data-element_type=\"section\">\n\t\t\t\t\t\t<div class=\"elementor-container elementor-column-gap-default\">\n\t\t\t\t\t<div class=\"elementor-column elementor-col-100 elementor-top-column elementor-element elementor-element-ecbe751\" data-id=\"ecbe751\" data-element_type=\"column\">\n\t\t\t<div class=\"elementor-widget-wrap elementor-element-populated\">\n\t\t\t\t\t\t<section class=\"elementor-section elementor-inner-section elementor-element elementor-element-aae6b8a elementor-section-boxed elementor-section-height-default elementor-section-height-default\" data-id=\"aae6b8a\" data-element_type=\"section\">\n\t\t\t\t\t\t<div class=\"elementor-container elementor-column-gap-default\">\n\t\t\t\t\t<div class=\"elementor-column elementor-col-50 elementor-inner-column elementor-element elementor-element-58bc783\" data-id=\"58bc783\" data-element_type=\"column\">\n\t\t\t<div class=\"elementor-widget-wrap elementor-element-populated\">\n\t\t\t\t\t\t<div class=\"elementor-element elementor-element-287270c elementor-widget elementor-widget-image\" data-id=\"287270c\" data-element_type=\"widget\" data-widget_type=\"image.default\">\n\t\t\t\t<div class=\"elementor-widget-container\">\n\t\t\t\t\t\t\t\t\t\t\t\t\t<img fetchpriority=\"high\" decoding=\"async\" width=\"800\" height=\"800\" src=\"https:\/\/jardininfantilonline.cl\/wp-content\/uploads\/2022\/10\/jio-eventos-noviembre-1-1024x1024.png\" class=\"attachment-large size-large wp-image-26192\" alt=\"\" srcset=\"https:\/\/jardininfantilonline.cl\/wp-content\/uploads\/2022\/10\/jio-eventos-noviembre-1-1024x1024.png 1024w, https:\/\/jardininfantilonline.cl\/wp-content\/uploads\/2022\/10\/jio-eventos-noviembre-1-300x300.png 300w, https:\/\/jardininfantilonline.cl\/wp-content\/uploads\/2022\/10\/jio-eventos-noviembre-1-100x100.png 100w, https:\/\/jardininfantilonline.cl\/wp-content\/uploads\/2022\/10\/jio-eventos-noviembre-1-600x600.png 600w, https:\/\/jardininfantilonline.cl\/wp-content\/uploads\/2022\/10\/jio-eventos-noviembre-1-150x150.png 150w, https:\/\/jardininfantilonline.cl\/wp-content\/uploads\/2022\/10\/jio-eventos-noviembre-1-768x768.png 768w, https:\/\/jardininfantilonline.cl\/wp-content\/uploads\/2022\/10\/jio-eventos-noviembre-1.png 1200w\" sizes=\"(max-width: 800px) 100vw, 800px\" \/>\t\t\t\t\t\t\t\t\t\t\t\t\t<\/div>\n\t\t\t\t<\/div>\n\t\t\t\t\t<\/div>\n\t\t<\/div>\n\t\t\t\t<div class=\"elementor-column elementor-col-50 elementor-inner-column elementor-element elementor-element-ad0cbcb\" data-id=\"ad0cbcb\" data-element_type=\"column\">\n\t\t\t<div class=\"elementor-widget-wrap elementor-element-populated\">\n\t\t\t\t\t\t<div class=\"elementor-element elementor-element-c2e156f elementor-widget elementor-widget-text-editor\" data-id=\"c2e156f\" data-element_type=\"widget\" data-widget_type=\"text-editor.default\">\n\t\t\t\t<div class=\"elementor-widget-container\">\n\t\t\t\t\t\t\t<p>Invitamos a todos los ni\u00f1os y ni\u00f1as del Jard\u00edn Infantil Online a participar de nuestro eventos los fines de semana m\u00e1s entretenidos. Tambi\u00e9n invitamos a los padres a inscribirse en nuestras Charlas y Talleres.<\/p><p><span style=\"color: var( --e-global-color-text );\">Para participar solo debes registrarte en el evento, asegurando tu cupo y link al evento, y por ser parte de nuestro plan educativo Sin L\u00edmites este encuentro es totalmente GRATIS.<\/span><\/p><p><strong>Cupones de descuento para eventos gratuitos<br \/>Show infantil: JIO3MEVE22<br \/>Live de Instagram: JIO1MILEVE22<br \/>Charla para padres: JIOCHARLA22<\/strong><strong><br \/><\/strong><\/p><p>Utiliza el c\u00f3digo al momento de pagar para inscribirte, recuerda que solo debes tener un producto del evento en el carrito, ( <a href=\"https:\/\/jardininfantilonline.cl\/index.php\/cart\/\">haz clic aqu\u00ed para borrar productos duplicados<\/a>)<\/p><p>Te esperamos!<\/p>\t\t\t\t\t\t<\/div>\n\t\t\t\t<\/div>\n\t\t\t\t<div class=\"elementor-element elementor-element-3e30edb elementor-widget elementor-widget-button\" data-id=\"3e30edb\" data-element_type=\"widget\" data-widget_type=\"button.default\">\n\t\t\t\t<div class=\"elementor-widget-container\">\n\t\t\t\t\t<div class=\"elementor-button-wrapper\">\n\t\t\t<a class=\"elementor-button elementor-button-link elementor-size-sm\" href=\"https:\/\/jardininfantilonline.cl\/index.php\/events\/\">\n\t\t\t\t\t\t<span class=\"elementor-button-content-wrapper\">\n\t\t\t\t\t\t<span class=\"elementor-button-icon elementor-align-icon-left\">\n\t\t\t\t<i aria-hidden=\"true\" class=\"far fa-calendar-check\"><\/i>\t\t\t<\/span>\n\t\t\t\t\t\t<span class=\"elementor-button-text\">Registrarte<\/span>\n\t\t<\/span>\n\t\t\t\t\t<\/a>\n\t\t<\/div>\n\t\t\t\t<\/div>\n\t\t\t\t<\/div>\n\t\t\t\t<div class=\"elementor-element elementor-element-1dca3a7 elementor-widget elementor-widget-text-editor\" data-id=\"1dca3a7\" data-element_type=\"widget\" data-widget_type=\"text-editor.default\">\n\t\t\t\t<div class=\"elementor-widget-container\">\n\t\t\t\t\t\t\t<p>Cada cup\u00f3n puede ser utilizado s\u00f3lo una vez por usuario, una vez registrado su participaci\u00f3n debe ser aprobada para recibir el enlace de conexi\u00f3n. Revise que no tenga otros productos en su carrito de compra, el monto m\u00e1ximo de descuento equivalente a una inscripci\u00f3n por usuario.<\/p>\t\t\t\t\t\t<\/div>\n\t\t\t\t<\/div>\n\t\t\t\t\t<\/div>\n\t\t<\/div>\n\t\t\t\t\t<\/div>\n\t\t<\/section>\n\t\t\t\t\t<\/div>\n\t\t<\/div>\n\t\t\t\t\t<\/div>\n\t\t<\/section>\n\t\t\t\t<\/div>\n\t\t","protected":false},"excerpt":{"rendered":"<p>Invitamos a todos los ni\u00f1os y ni\u00f1as del Jard\u00edn Infantil Online a participar de nuestro eventos los fines de semana m\u00e1s entretenidos. Tambi\u00e9n invitamos a los padres a inscribirse en nuestras Charlas y Talleres. Para participar solo debes registrarte en el evento, asegurando tu cupo y link al evento, y por ser parte de nuestro [&hellip;]<\/p>\n","protected":false},"author":1,"featured_media":0,"parent":0,"menu_order":0,"comment_status":"closed","ping_status":"closed","template":"","meta":{"footnotes":""},"class_list":["post-11307","page","type-page","status-publish","hentry"],"_links":{"self":[{"href":"https:\/\/jardininfantilonline.cl\/index.php\/wp-json\/wp\/v2\/pages\/11307","targetHints":{"allow":["GET"]}}],"collection":[{"href":"https:\/\/jardininfantilonline.cl\/index.php\/wp-json\/wp\/v2\/pages"}],"about":[{"href":"https:\/\/jardininfantilonline.cl\/index.php\/wp-json\/wp\/v2\/types\/page"}],"author":[{"embeddable":true,"href":"https:\/\/jardininfantilonline.cl\/index.php\/wp-json\/wp\/v2\/users\/1"}],"replies":[{"embeddable":true,"href":"https:\/\/jardininfantilonline.cl\/index.php\/wp-json\/wp\/v2\/comments?post=11307"}],"version-history":[{"count":120,"href":"https:\/\/jardininfantilonline.cl\/index.php\/wp-json\/wp\/v2\/pages\/11307\/revisions"}],"predecessor-version":[{"id":26197,"href":"https:\/\/jardininfantilonline.cl\/index.php\/wp-json\/wp\/v2\/pages\/11307\/revisions\/26197"}],"wp:attachment":[{"href":"https:\/\/jardininfantilonline.cl\/index.php\/wp-json\/wp\/v2\/media?parent=11307"}],"curies":[{"name":"wp","href":"https:\/\/api.w.org\/{rel}","templated":true}]}}