{"id":10235,"date":"2021-03-01T01:04:17","date_gmt":"2021-03-01T04:04:17","guid":{"rendered":"https:\/\/jardininfantilonline.cl\/?page_id=10235"},"modified":"2021-03-01T01:07:42","modified_gmt":"2021-03-01T04:07:42","slug":"libros-niveles-transicion-2","status":"publish","type":"page","link":"https:\/\/jardininfantilonline.cl\/index.php\/libros-niveles-transicion-2\/","title":{"rendered":"Libros Niveles Transici\u00f3n"},"content":{"rendered":"\t\t<div data-elementor-type=\"wp-page\" data-elementor-id=\"10235\" class=\"elementor elementor-10235\" data-elementor-post-type=\"page\">\n\t\t\t\t\t\t<section class=\"elementor-section elementor-top-section elementor-element elementor-element-1086c5c elementor-section-boxed elementor-section-height-default elementor-section-height-default\" data-id=\"1086c5c\" data-element_type=\"section\">\n\t\t\t\t\t\t<div class=\"elementor-container elementor-column-gap-default\">\n\t\t\t\t\t<div class=\"elementor-column elementor-col-100 elementor-top-column elementor-element elementor-element-ecbe751\" data-id=\"ecbe751\" data-element_type=\"column\">\n\t\t\t<div class=\"elementor-widget-wrap elementor-element-populated\">\n\t\t\t\t\t\t<section class=\"elementor-section elementor-inner-section elementor-element elementor-element-aae6b8a elementor-section-boxed elementor-section-height-default elementor-section-height-default\" data-id=\"aae6b8a\" data-element_type=\"section\">\n\t\t\t\t\t\t<div class=\"elementor-container elementor-column-gap-default\">\n\t\t\t\t\t<div class=\"elementor-column elementor-col-50 elementor-inner-column elementor-element elementor-element-58bc783\" data-id=\"58bc783\" data-element_type=\"column\">\n\t\t\t<div class=\"elementor-widget-wrap elementor-element-populated\">\n\t\t\t\t\t\t<div class=\"elementor-element elementor-element-c6a3e66 elementor-widget elementor-widget-image\" data-id=\"c6a3e66\" data-element_type=\"widget\" data-widget_type=\"image.default\">\n\t\t\t\t<div class=\"elementor-widget-container\">\n\t\t\t\t\t\t\t\t\t\t\t\t\t<img fetchpriority=\"high\" decoding=\"async\" width=\"700\" height=\"700\" src=\"https:\/\/jardininfantilonline.cl\/wp-content\/uploads\/2021\/02\/libros-jio_Mesa-de-trabajo-1.png\" class=\"attachment-large size-large wp-image-10191\" alt=\"\" srcset=\"https:\/\/jardininfantilonline.cl\/wp-content\/uploads\/2021\/02\/libros-jio_Mesa-de-trabajo-1.png 700w, https:\/\/jardininfantilonline.cl\/wp-content\/uploads\/2021\/02\/libros-jio_Mesa-de-trabajo-1-300x300.png 300w, https:\/\/jardininfantilonline.cl\/wp-content\/uploads\/2021\/02\/libros-jio_Mesa-de-trabajo-1-100x100.png 100w, https:\/\/jardininfantilonline.cl\/wp-content\/uploads\/2021\/02\/libros-jio_Mesa-de-trabajo-1-600x600.png 600w, https:\/\/jardininfantilonline.cl\/wp-content\/uploads\/2021\/02\/libros-jio_Mesa-de-trabajo-1-150x150.png 150w\" sizes=\"(max-width: 700px) 100vw, 700px\" \/>\t\t\t\t\t\t\t\t\t\t\t\t\t<\/div>\n\t\t\t\t<\/div>\n\t\t\t\t\t<\/div>\n\t\t<\/div>\n\t\t\t\t<div class=\"elementor-column elementor-col-50 elementor-inner-column elementor-element elementor-element-ad0cbcb\" data-id=\"ad0cbcb\" data-element_type=\"column\">\n\t\t\t<div class=\"elementor-widget-wrap elementor-element-populated\">\n\t\t\t\t\t\t<div class=\"elementor-element elementor-element-f1e40c9 elementor-widget elementor-widget-text-editor\" data-id=\"f1e40c9\" data-element_type=\"widget\" data-widget_type=\"text-editor.default\">\n\t\t\t\t<div class=\"elementor-widget-container\">\n\t\t\t\t\t\t\t<p>Libros de actividades desarrolladas por el jard\u00edn infantil online exclusivamente para sus alumnos, ideal para pr\u00e1ctica de habilidades y actividades para reforzar el aprendizaje en ni\u00f1os de 4 a 6 a\u00f1os.\u00a0<\/p>\t\t\t\t\t\t<\/div>\n\t\t\t\t<\/div>\n\t\t\t\t<div class=\"elementor-element elementor-element-c2e156f elementor-widget elementor-widget-text-editor\" data-id=\"c2e156f\" data-element_type=\"widget\" data-widget_type=\"text-editor.default\">\n\t\t\t\t<div class=\"elementor-widget-container\">\n\t\t\t\t\t\t\t<p><strong>Pack incluye 6 libros de aprestos escolares:<br \/>* Los libros son PDF&#8217;s imprimibles exclusivos *<\/strong><br \/>&#8211; Libro de Lenguaje 01 &#8211; Vocales y Trazos<br \/>&#8211; Libro de Lenguaje 02 &#8211; Comprensi\u00f3n Lectora<br \/>&#8211; Libro de Matem\u00e1ticas 01 &#8211; N\u00fameros del 01 al 05<br \/>&#8211; Libro de Matem\u00e1ticas 02 &#8211; Pensamiento L\u00f3gico \/ Matem\u00e1tico<br \/>&#8211; Libro de Arte &#8211; Motricidad Fina<br \/>&#8211; Calendario de Tareas &#8211; Aprendizaje Formativo<\/p>\t\t\t\t\t\t<\/div>\n\t\t\t\t<\/div>\n\t\t\t\t<div class=\"elementor-element elementor-element-3e30edb elementor-widget elementor-widget-button\" data-id=\"3e30edb\" data-element_type=\"widget\" data-widget_type=\"button.default\">\n\t\t\t\t<div class=\"elementor-widget-container\">\n\t\t\t\t\t<div class=\"elementor-button-wrapper\">\n\t\t\t<a class=\"elementor-button elementor-button-link elementor-size-sm\" href=\"https:\/\/jardininfantilonline.cl\/wp-content\/uploads\/2021\/02\/Libros-Niveles-Transicio\u0301n.zip\">\n\t\t\t\t\t\t<span class=\"elementor-button-content-wrapper\">\n\t\t\t\t\t\t<span class=\"elementor-button-icon elementor-align-icon-left\">\n\t\t\t\t<i aria-hidden=\"true\" class=\"fas fa-file-download\"><\/i>\t\t\t<\/span>\n\t\t\t\t\t\t<span class=\"elementor-button-text\">Descargar Libros<\/span>\n\t\t<\/span>\n\t\t\t\t\t<\/a>\n\t\t<\/div>\n\t\t\t\t<\/div>\n\t\t\t\t<\/div>\n\t\t\t\t\t<\/div>\n\t\t<\/div>\n\t\t\t\t\t<\/div>\n\t\t<\/section>\n\t\t\t\t\t<\/div>\n\t\t<\/div>\n\t\t\t\t\t<\/div>\n\t\t<\/section>\n\t\t\t\t<\/div>\n\t\t","protected":false},"excerpt":{"rendered":"<p>Libros de actividades desarrolladas por el jard\u00edn infantil online exclusivamente para sus alumnos, ideal para pr\u00e1ctica de habilidades y actividades para reforzar el aprendizaje en ni\u00f1os de 4 a 6 a\u00f1os.\u00a0 Pack incluye 6 libros de aprestos escolares:* Los libros son PDF&#8217;s imprimibles exclusivos *&#8211; Libro de Lenguaje 01 &#8211; Vocales y Trazos&#8211; Libro de [&hellip;]<\/p>\n","protected":false},"author":1,"featured_media":0,"parent":0,"menu_order":0,"comment_status":"closed","ping_status":"closed","template":"","meta":{"footnotes":""},"class_list":["post-10235","page","type-page","status-publish","hentry"],"_links":{"self":[{"href":"https:\/\/jardininfantilonline.cl\/index.php\/wp-json\/wp\/v2\/pages\/10235","targetHints":{"allow":["GET"]}}],"collection":[{"href":"https:\/\/jardininfantilonline.cl\/index.php\/wp-json\/wp\/v2\/pages"}],"about":[{"href":"https:\/\/jardininfantilonline.cl\/index.php\/wp-json\/wp\/v2\/types\/page"}],"author":[{"embeddable":true,"href":"https:\/\/jardininfantilonline.cl\/index.php\/wp-json\/wp\/v2\/users\/1"}],"replies":[{"embeddable":true,"href":"https:\/\/jardininfantilonline.cl\/index.php\/wp-json\/wp\/v2\/comments?post=10235"}],"version-history":[{"count":7,"href":"https:\/\/jardininfantilonline.cl\/index.php\/wp-json\/wp\/v2\/pages\/10235\/revisions"}],"predecessor-version":[{"id":10246,"href":"https:\/\/jardininfantilonline.cl\/index.php\/wp-json\/wp\/v2\/pages\/10235\/revisions\/10246"}],"wp:attachment":[{"href":"https:\/\/jardininfantilonline.cl\/index.php\/wp-json\/wp\/v2\/media?parent=10235"}],"curies":[{"name":"wp","href":"https:\/\/api.w.org\/{rel}","templated":true}]}}